{"id":67,"date":"2017-03-29T15:47:02","date_gmt":"2017-03-29T13:47:02","guid":{"rendered":"http:\/\/zett.it\/?page_id=67\/"},"modified":"2024-09-30T10:02:08","modified_gmt":"2024-09-30T08:02:08","slug":"sposi","status":"publish","type":"page","link":"https:\/\/zett.it\/it\/sposi\/","title":{"rendered":"Sposi"},"content":{"rendered":"<div class=\"wpb-content-wrapper\"><p>[vc_row 0=&#8221;&#8221;][vc_column width=&#8221;1\/2&#8243; css=&#8221;.vc_custom_1492165277722{margin-right: 7.5px !important;padding-right: 7.5px !important;}&#8221;][vc_column_text 0=&#8221;&#8221;]<\/p>\n<h1>La sua foto matrimoniale nella &#8220;Zett&#8221;<\/h1>\n<h2>Rendi l\u2019Alto Adige partecipe della tua gioia<\/h2>\n<p><strong>Classico, moderno, eccentrico o tra pochi intimi<\/strong>: il matrimonio \u00e8 sempre uno degli eventi pi\u00f9 significativi nella vita di una coppia. Allora perch\u00e9 non condividerlo con gli altri? \u201cZett\u201d \u00e8 lieta di pubblicare <strong>la foto del tuo matrimonio<\/strong>. Condividi la tua gioia con i tuoi amici e con gli altri altoatesini e rendi pubblico il tuo amore!<\/p>\n<p>\u25ba <a href=\"\/\/gewinnspiel.it\/fotodimatrimonio\" target=\"_blank\" rel=\"noopener noreferrer\">Qui potete prenotare on-line lo spazio per la vostra foto<\/a><\/p>\n<p>\u25ba <a href=\"https:\/\/zett.it\/wp-content\/uploads\/2024\/09\/Hochzeitsfoto_Formular_Neu_2024-1.pdf\">Se desideri inviare il modulo di iscrizione via e-mail \u00e8 possibile stamparlo qui<\/a><\/p>\n<p>\u25ba <a href=\"https:\/\/zett.it\/wp-content\/uploads\/2023\/10\/Bestellschein_Athesia-Medien_Dolo_Zett_Probeabo_Brautpaare_2023_digital_VD50.pdf\">Riservato agli sposi: ordinate qui il vostro abbonamento di prova<\/a><\/p>\n<p>\u25ba <a href=\"https:\/\/zett.it\/it\/privacy-policy-hochzeitsfotos\/\">Privacy-Policy per foto matrimoniale<\/a>[\/vc_column_text][\/vc_column][vc_column css_animation=&#8221;fadeInDown&#8221; width=&#8221;1\/2&#8243; css=&#8221;.vc_custom_1494417481963{margin-left: 7.5px !important;padding-right: 7.5px !important;}&#8221;][vc_single_image image=&#8221;3277&#8243; img_size=&#8221;450&#215;586&#8243; alignment=&#8221;right&#8221; el_class=&#8221;box-card-shadow&#8221;][\/vc_column][\/vc_row]<\/p>\n<\/div>","protected":false},"excerpt":{"rendered":"<p>[vc_row 0=&#8221;&#8221;][vc_column width=&#8221;1\/2&#8243; css=&#8221;.vc_custom_1492165277722{margin-right: 7.5px !important;padding-right: 7.5px !important;}&#8221;][vc_column_text 0=&#8221;&#8221;] La sua foto matrimoniale nella &#8220;Zett&#8221; Rendi l\u2019Alto Adige partecipe della tua gioia Classico, moderno, eccentrico o tra pochi intimi: il matrimonio \u00e8 sempre uno degli eventi pi\u00f9 significativi nella vita di una coppia. Allora perch\u00e9 non condividerlo con gli altri? \u201cZett\u201d \u00e8 lieta di pubblicare [&hellip;]<\/p>\n","protected":false},"author":5,"featured_media":0,"parent":0,"menu_order":0,"comment_status":"closed","ping_status":"closed","template":"","meta":{"_acf_changed":false,"footnotes":""},"class_list":["post-67","page","type-page","status-publish","hentry"],"acf":[],"yoast_head":"<!-- This site is optimized with the Yoast SEO plugin v26.7 - https:\/\/yoast.com\/wordpress\/plugins\/seo\/ -->\n<title>Come pubblicare le foto del matrimonio su \u201eZett am Sonntag\u201c<\/title>\n<meta name=\"description\" content=\"Per pubblicare le foto del proprio matrimonio sul settimanale \u201eZett am Sonntag\u201c compilare il seguente modulo o cliccare sul link che collega alla richiesta digitale.\" \/>\n<meta name=\"robots\" content=\"index, follow, max-snippet:-1, max-image-preview:large, max-video-preview:-1\" \/>\n<link rel=\"canonical\" href=\"https:\/\/zett.it\/it\/sposi\/\" \/>\n<meta property=\"og:locale\" content=\"it_IT\" \/>\n<meta property=\"og:type\" content=\"article\" \/>\n<meta property=\"og:title\" content=\"Come pubblicare le foto del matrimonio su \u201eZett am Sonntag\u201c\" \/>\n<meta property=\"og:description\" content=\"Per pubblicare le foto del proprio matrimonio sul settimanale \u201eZett am Sonntag\u201c compilare il seguente modulo o cliccare sul link che collega alla richiesta digitale.\" \/>\n<meta property=\"og:url\" content=\"https:\/\/zett.it\/it\/sposi\/\" \/>\n<meta property=\"og:site_name\" content=\"Zett.it\" \/>\n<meta property=\"article:modified_time\" content=\"2024-09-30T08:02:08+00:00\" \/>\n<meta name=\"twitter:card\" content=\"summary_large_image\" \/>\n<meta name=\"twitter:label1\" content=\"Tempo di lettura stimato\" \/>\n\t<meta name=\"twitter:data1\" content=\"1 minuto\" \/>\n<script type=\"application\/ld+json\" class=\"yoast-schema-graph\">{\"@context\":\"https:\/\/schema.org\",\"@graph\":[{\"@type\":\"WebPage\",\"@id\":\"https:\/\/zett.it\/it\/sposi\/\",\"url\":\"https:\/\/zett.it\/it\/sposi\/\",\"name\":\"Come pubblicare le foto del matrimonio su \u201eZett am Sonntag\u201c\",\"isPartOf\":{\"@id\":\"https:\/\/zett.it\/de\/#website\"},\"datePublished\":\"2017-03-29T13:47:02+00:00\",\"dateModified\":\"2024-09-30T08:02:08+00:00\",\"description\":\"Per pubblicare le foto del proprio matrimonio sul settimanale \u201eZett am Sonntag\u201c compilare il seguente modulo o cliccare sul link che collega alla richiesta digitale.\",\"breadcrumb\":{\"@id\":\"https:\/\/zett.it\/it\/sposi\/#breadcrumb\"},\"inLanguage\":\"it-IT\",\"potentialAction\":[{\"@type\":\"ReadAction\",\"target\":[\"https:\/\/zett.it\/it\/sposi\/\"]}]},{\"@type\":\"BreadcrumbList\",\"@id\":\"https:\/\/zett.it\/it\/sposi\/#breadcrumb\",\"itemListElement\":[{\"@type\":\"ListItem\",\"position\":1,\"name\":\"Startseite\",\"item\":\"https:\/\/zett.it\/it\/\"},{\"@type\":\"ListItem\",\"position\":2,\"name\":\"Sposi\"}]},{\"@type\":\"WebSite\",\"@id\":\"https:\/\/zett.it\/de\/#website\",\"url\":\"https:\/\/zett.it\/de\/\",\"name\":\"Zett.it\",\"description\":\"Eine weitere WordPress-Website\",\"potentialAction\":[{\"@type\":\"SearchAction\",\"target\":{\"@type\":\"EntryPoint\",\"urlTemplate\":\"https:\/\/zett.it\/de\/?s={search_term_string}\"},\"query-input\":{\"@type\":\"PropertyValueSpecification\",\"valueRequired\":true,\"valueName\":\"search_term_string\"}}],\"inLanguage\":\"it-IT\"}]}<\/script>\n<!-- \/ Yoast SEO plugin. -->","yoast_head_json":{"title":"Come pubblicare le foto del matrimonio su \u201eZett am Sonntag\u201c","description":"Per pubblicare le foto del proprio matrimonio sul settimanale \u201eZett am Sonntag\u201c compilare il seguente modulo o cliccare sul link che collega alla richiesta digitale.","robots":{"index":"index","follow":"follow","max-snippet":"max-snippet:-1","max-image-preview":"max-image-preview:large","max-video-preview":"max-video-preview:-1"},"canonical":"https:\/\/zett.it\/it\/sposi\/","og_locale":"it_IT","og_type":"article","og_title":"Come pubblicare le foto del matrimonio su \u201eZett am Sonntag\u201c","og_description":"Per pubblicare le foto del proprio matrimonio sul settimanale \u201eZett am Sonntag\u201c compilare il seguente modulo o cliccare sul link che collega alla richiesta digitale.","og_url":"https:\/\/zett.it\/it\/sposi\/","og_site_name":"Zett.it","article_modified_time":"2024-09-30T08:02:08+00:00","twitter_card":"summary_large_image","twitter_misc":{"Tempo di lettura stimato":"1 minuto"},"schema":{"@context":"https:\/\/schema.org","@graph":[{"@type":"WebPage","@id":"https:\/\/zett.it\/it\/sposi\/","url":"https:\/\/zett.it\/it\/sposi\/","name":"Come pubblicare le foto del matrimonio su \u201eZett am Sonntag\u201c","isPartOf":{"@id":"https:\/\/zett.it\/de\/#website"},"datePublished":"2017-03-29T13:47:02+00:00","dateModified":"2024-09-30T08:02:08+00:00","description":"Per pubblicare le foto del proprio matrimonio sul settimanale \u201eZett am Sonntag\u201c compilare il seguente modulo o cliccare sul link che collega alla richiesta digitale.","breadcrumb":{"@id":"https:\/\/zett.it\/it\/sposi\/#breadcrumb"},"inLanguage":"it-IT","potentialAction":[{"@type":"ReadAction","target":["https:\/\/zett.it\/it\/sposi\/"]}]},{"@type":"BreadcrumbList","@id":"https:\/\/zett.it\/it\/sposi\/#breadcrumb","itemListElement":[{"@type":"ListItem","position":1,"name":"Startseite","item":"https:\/\/zett.it\/it\/"},{"@type":"ListItem","position":2,"name":"Sposi"}]},{"@type":"WebSite","@id":"https:\/\/zett.it\/de\/#website","url":"https:\/\/zett.it\/de\/","name":"Zett.it","description":"Eine weitere WordPress-Website","potentialAction":[{"@type":"SearchAction","target":{"@type":"EntryPoint","urlTemplate":"https:\/\/zett.it\/de\/?s={search_term_string}"},"query-input":{"@type":"PropertyValueSpecification","valueRequired":true,"valueName":"search_term_string"}}],"inLanguage":"it-IT"}]}},"_links":{"self":[{"href":"https:\/\/zett.it\/it\/wp-json\/wp\/v2\/pages\/67","targetHints":{"allow":["GET"]}}],"collection":[{"href":"https:\/\/zett.it\/it\/wp-json\/wp\/v2\/pages"}],"about":[{"href":"https:\/\/zett.it\/it\/wp-json\/wp\/v2\/types\/page"}],"author":[{"embeddable":true,"href":"https:\/\/zett.it\/it\/wp-json\/wp\/v2\/users\/5"}],"replies":[{"embeddable":true,"href":"https:\/\/zett.it\/it\/wp-json\/wp\/v2\/comments?post=67"}],"version-history":[{"count":14,"href":"https:\/\/zett.it\/it\/wp-json\/wp\/v2\/pages\/67\/revisions"}],"predecessor-version":[{"id":6170,"href":"https:\/\/zett.it\/it\/wp-json\/wp\/v2\/pages\/67\/revisions\/6170"}],"wp:attachment":[{"href":"https:\/\/zett.it\/it\/wp-json\/wp\/v2\/media?parent=67"}],"curies":[{"name":"wp","href":"https:\/\/api.w.org\/{rel}","templated":true}]}}