{"id":7206,"date":"2025-09-11T15:50:13","date_gmt":"2025-09-11T13:50:13","guid":{"rendered":"https:\/\/zett.it\/?page_id=7206"},"modified":"2025-09-12T08:34:04","modified_gmt":"2025-09-12T06:34:04","slug":"torggelebetrieb-des-jahres","status":"publish","type":"page","link":"https:\/\/zett.it\/de\/torggelebetrieb-des-jahres\/","title":{"rendered":"T\u00f6rggelebetrieb des Jahres"},"content":{"rendered":"\n<figure class=\"wp-block-image size-large\"><img loading=\"lazy\" decoding=\"async\" width=\"1024\" height=\"512\" src=\"https:\/\/zett.it\/wp-content\/uploads\/2025\/09\/1920x960px_Toerggelen_Allgemeiner_Post_Header_TP-1-1024x512.jpg\" alt=\"\" class=\"wp-image-7215\" srcset=\"https:\/\/zett.it\/wp-content\/uploads\/2025\/09\/1920x960px_Toerggelen_Allgemeiner_Post_Header_TP-1-1024x512.jpg 1024w, https:\/\/zett.it\/wp-content\/uploads\/2025\/09\/1920x960px_Toerggelen_Allgemeiner_Post_Header_TP-1-500x250.jpg 500w, https:\/\/zett.it\/wp-content\/uploads\/2025\/09\/1920x960px_Toerggelen_Allgemeiner_Post_Header_TP-1-768x384.jpg 768w, https:\/\/zett.it\/wp-content\/uploads\/2025\/09\/1920x960px_Toerggelen_Allgemeiner_Post_Header_TP-1-1536x768.jpg 1536w, https:\/\/zett.it\/wp-content\/uploads\/2025\/09\/1920x960px_Toerggelen_Allgemeiner_Post_Header_TP-1-350x175.jpg 350w, https:\/\/zett.it\/wp-content\/uploads\/2025\/09\/1920x960px_Toerggelen_Allgemeiner_Post_Header_TP-1-1000x500.jpg 1000w, https:\/\/zett.it\/wp-content\/uploads\/2025\/09\/1920x960px_Toerggelen_Allgemeiner_Post_Header_TP-1.jpg 1920w\" sizes=\"auto, (max-width: 1024px) 100vw, 1024px\" \/><\/figure>\n\n\n\n<p class=\"has-large-font-size\"><strong>W\u00e4hle den beliebtesten T\u00f6rggelebetrieb S\u00fcdtirols!<\/strong><\/p>\n\n\n\n<p>T\u00f6rggelen \u2013 jahrhundertealter Brauch und eine der beliebtesten Traditionen in S\u00fcdtirol. Doch welches ist das beliebteste Lokal f\u00fcr eine z\u00fcnftige T\u00f6rggelepartie? Die Sonntagszeitung \u201eZett\u201c stellt auch heuer wieder d<strong>ie beliebtesten T\u00f6rggelebetriebe S\u00fcdtirols zur Wahl.<\/strong> <\/p>\n\n\n\n<p>In der <strong>\u201eDolomiten \u2022 Zett\u201c-App<\/strong> kannst du <strong>t\u00e4glich <\/strong>f\u00fcr deinen Lieblingsbetrieb abstimmen. Falls du die App noch nicht hast, kannst du sie <strong>jetzt hier kostenlos herunterladen:<\/strong><\/p>\n\n\n\n<ul class=\"wp-block-list\">\n<li><a href=\"https:\/\/play.google.com\/store\/apps\/details?id=com.dolomiten&amp;hl=de \">https:\/\/play.google.com\/store\/apps\/details?id=com.dolomiten&amp;hl=de <\/a><\/li>\n\n\n\n<li><a href=\"https:\/\/apps.apple.com\/de\/app\/dolomiten-zett-wiku-schlern\/id514532687\">https:\/\/apps.apple.com\/de\/app\/dolomiten-zett-wiku-schlern\/id514532687<\/a><\/li>\n<\/ul>\n\n\n\n<p>Mitmachen und f\u00fcr deinen Favoriten abstimmen lohnt sich! Denn <strong>unter allen abgegebenen Stimmen werden sechs Gutscheine zu je f\u00fcnfzig Euro von der Brennerei Pircher<\/strong> verlost. Um deine Gewinnchancen zu erh\u00f6hen, kannst du w\u00e4hrend der gesamten Gewinnspiel-Laufzeit <strong>vom 14. September bis zum 28. September jeweils einmal t\u00e4glich deinen Lieblings-T\u00f6rggelebetrieb w\u00e4hlen.<\/strong> Mehr Stimmen hei\u00dft mehr Gewinnchancen! Die Verlosung findet am 2. Oktober statt. Das Reglement ist bei der Anzeigenabteilung Zeitschriften hinterlegt. Die Gewinner werden telefonisch oder per E-Mail kontaktiert. <\/p>\n\n\n\n<p>Viel Gl\u00fcck w\u00fcnscht dir deine Sonntagszeitung \u201eZett\u201c!<\/p>\n\n\n\n<figure class=\"wp-block-image size-large\"><img loading=\"lazy\" decoding=\"async\" width=\"1024\" height=\"576\" src=\"https:\/\/zett.it\/wp-content\/uploads\/2025\/09\/trggelebetriebe-quer-1024x576.png\" alt=\"\" class=\"wp-image-7212\" srcset=\"https:\/\/zett.it\/wp-content\/uploads\/2025\/09\/trggelebetriebe-quer-1024x576.png 1024w, https:\/\/zett.it\/wp-content\/uploads\/2025\/09\/trggelebetriebe-quer-500x281.png 500w, https:\/\/zett.it\/wp-content\/uploads\/2025\/09\/trggelebetriebe-quer-768x432.png 768w, https:\/\/zett.it\/wp-content\/uploads\/2025\/09\/trggelebetriebe-quer-1536x864.png 1536w, https:\/\/zett.it\/wp-content\/uploads\/2025\/09\/trggelebetriebe-quer-2048x1152.png 2048w, https:\/\/zett.it\/wp-content\/uploads\/2025\/09\/trggelebetriebe-quer-350x197.png 350w, https:\/\/zett.it\/wp-content\/uploads\/2025\/09\/trggelebetriebe-quer-1000x563.png 1000w\" sizes=\"auto, (max-width: 1024px) 100vw, 1024px\" \/><\/figure>\n","protected":false},"excerpt":{"rendered":"<p>W\u00e4hle den beliebtesten T\u00f6rggelebetrieb S\u00fcdtirols! T\u00f6rggelen \u2013 jahrhundertealter Brauch und eine der beliebtesten Traditionen in S\u00fcdtirol. Doch welches ist das beliebteste Lokal f\u00fcr eine z\u00fcnftige T\u00f6rggelepartie? Die Sonntagszeitung \u201eZett\u201c stellt auch heuer wieder die beliebtesten T\u00f6rggelebetriebe S\u00fcdtirols zur Wahl. In der \u201eDolomiten \u2022 Zett\u201c-App kannst du t\u00e4glich f\u00fcr deinen Lieblingsbetrieb abstimmen. Falls du die App [&hellip;]<\/p>\n","protected":false},"author":5,"featured_media":0,"parent":0,"menu_order":0,"comment_status":"closed","ping_status":"closed","template":"","meta":{"_acf_changed":false,"footnotes":""},"class_list":["post-7206","page","type-page","status-publish","hentry"],"acf":[],"yoast_head":"<!-- This site is optimized with the Yoast SEO plugin v26.7 - https:\/\/yoast.com\/wordpress\/plugins\/seo\/ -->\n<title>T\u00f6rggelebetrieb des Jahres - Zett.it<\/title>\n<meta name=\"robots\" content=\"index, follow, max-snippet:-1, max-image-preview:large, max-video-preview:-1\" \/>\n<link rel=\"canonical\" href=\"https:\/\/zett.it\/de\/torggelebetrieb-des-jahres\/\" \/>\n<meta property=\"og:locale\" content=\"de_DE\" \/>\n<meta property=\"og:type\" content=\"article\" \/>\n<meta property=\"og:title\" content=\"T\u00f6rggelebetrieb des Jahres - Zett.it\" \/>\n<meta property=\"og:description\" content=\"W\u00e4hle den beliebtesten T\u00f6rggelebetrieb S\u00fcdtirols! T\u00f6rggelen \u2013 jahrhundertealter Brauch und eine der beliebtesten Traditionen in S\u00fcdtirol. Doch welches ist das beliebteste Lokal f\u00fcr eine z\u00fcnftige T\u00f6rggelepartie? Die Sonntagszeitung \u201eZett\u201c stellt auch heuer wieder die beliebtesten T\u00f6rggelebetriebe S\u00fcdtirols zur Wahl. In der \u201eDolomiten \u2022 Zett\u201c-App kannst du t\u00e4glich f\u00fcr deinen Lieblingsbetrieb abstimmen. Falls du die App [&hellip;]\" \/>\n<meta property=\"og:url\" content=\"https:\/\/zett.it\/de\/torggelebetrieb-des-jahres\/\" \/>\n<meta property=\"og:site_name\" content=\"Zett.it\" \/>\n<meta property=\"article:modified_time\" content=\"2025-09-12T06:34:04+00:00\" \/>\n<meta property=\"og:image\" content=\"https:\/\/zett.it\/wp-content\/uploads\/2025\/09\/1920x960px_Toerggelen_Allgemeiner_Post_Header_TP-1-1024x512.jpg\" \/>\n<meta name=\"twitter:card\" content=\"summary_large_image\" \/>\n<meta name=\"twitter:label1\" content=\"Gesch\u00e4tzte Lesezeit\" \/>\n\t<meta name=\"twitter:data1\" content=\"1\u00a0Minute\" \/>\n<script type=\"application\/ld+json\" class=\"yoast-schema-graph\">{\"@context\":\"https:\/\/schema.org\",\"@graph\":[{\"@type\":\"WebPage\",\"@id\":\"https:\/\/zett.it\/de\/torggelebetrieb-des-jahres\/\",\"url\":\"https:\/\/zett.it\/de\/torggelebetrieb-des-jahres\/\",\"name\":\"T\u00f6rggelebetrieb des Jahres - Zett.it\",\"isPartOf\":{\"@id\":\"https:\/\/zett.it\/de\/#website\"},\"primaryImageOfPage\":{\"@id\":\"https:\/\/zett.it\/de\/torggelebetrieb-des-jahres\/#primaryimage\"},\"image\":{\"@id\":\"https:\/\/zett.it\/de\/torggelebetrieb-des-jahres\/#primaryimage\"},\"thumbnailUrl\":\"https:\/\/zett.it\/wp-content\/uploads\/2025\/09\/1920x960px_Toerggelen_Allgemeiner_Post_Header_TP-1-1024x512.jpg\",\"datePublished\":\"2025-09-11T13:50:13+00:00\",\"dateModified\":\"2025-09-12T06:34:04+00:00\",\"breadcrumb\":{\"@id\":\"https:\/\/zett.it\/de\/torggelebetrieb-des-jahres\/#breadcrumb\"},\"inLanguage\":\"de\",\"potentialAction\":[{\"@type\":\"ReadAction\",\"target\":[\"https:\/\/zett.it\/de\/torggelebetrieb-des-jahres\/\"]}]},{\"@type\":\"ImageObject\",\"inLanguage\":\"de\",\"@id\":\"https:\/\/zett.it\/de\/torggelebetrieb-des-jahres\/#primaryimage\",\"url\":\"https:\/\/zett.it\/wp-content\/uploads\/2025\/09\/1920x960px_Toerggelen_Allgemeiner_Post_Header_TP-1-1024x512.jpg\",\"contentUrl\":\"https:\/\/zett.it\/wp-content\/uploads\/2025\/09\/1920x960px_Toerggelen_Allgemeiner_Post_Header_TP-1-1024x512.jpg\"},{\"@type\":\"BreadcrumbList\",\"@id\":\"https:\/\/zett.it\/de\/torggelebetrieb-des-jahres\/#breadcrumb\",\"itemListElement\":[{\"@type\":\"ListItem\",\"position\":1,\"name\":\"Startseite\",\"item\":\"https:\/\/zett.it\/de\/\"},{\"@type\":\"ListItem\",\"position\":2,\"name\":\"T\u00f6rggelebetrieb des Jahres\"}]},{\"@type\":\"WebSite\",\"@id\":\"https:\/\/zett.it\/de\/#website\",\"url\":\"https:\/\/zett.it\/de\/\",\"name\":\"Zett.it\",\"description\":\"\",\"potentialAction\":[{\"@type\":\"SearchAction\",\"target\":{\"@type\":\"EntryPoint\",\"urlTemplate\":\"https:\/\/zett.it\/de\/?s={search_term_string}\"},\"query-input\":{\"@type\":\"PropertyValueSpecification\",\"valueRequired\":true,\"valueName\":\"search_term_string\"}}],\"inLanguage\":\"de\"}]}<\/script>\n<!-- \/ Yoast SEO plugin. -->","yoast_head_json":{"title":"T\u00f6rggelebetrieb des Jahres - Zett.it","robots":{"index":"index","follow":"follow","max-snippet":"max-snippet:-1","max-image-preview":"max-image-preview:large","max-video-preview":"max-video-preview:-1"},"canonical":"https:\/\/zett.it\/de\/torggelebetrieb-des-jahres\/","og_locale":"de_DE","og_type":"article","og_title":"T\u00f6rggelebetrieb des Jahres - Zett.it","og_description":"W\u00e4hle den beliebtesten T\u00f6rggelebetrieb S\u00fcdtirols! T\u00f6rggelen \u2013 jahrhundertealter Brauch und eine der beliebtesten Traditionen in S\u00fcdtirol. Doch welches ist das beliebteste Lokal f\u00fcr eine z\u00fcnftige T\u00f6rggelepartie? Die Sonntagszeitung \u201eZett\u201c stellt auch heuer wieder die beliebtesten T\u00f6rggelebetriebe S\u00fcdtirols zur Wahl. In der \u201eDolomiten \u2022 Zett\u201c-App kannst du t\u00e4glich f\u00fcr deinen Lieblingsbetrieb abstimmen. Falls du die App [&hellip;]","og_url":"https:\/\/zett.it\/de\/torggelebetrieb-des-jahres\/","og_site_name":"Zett.it","article_modified_time":"2025-09-12T06:34:04+00:00","og_image":[{"url":"https:\/\/zett.it\/wp-content\/uploads\/2025\/09\/1920x960px_Toerggelen_Allgemeiner_Post_Header_TP-1-1024x512.jpg","type":"","width":"","height":""}],"twitter_card":"summary_large_image","twitter_misc":{"Gesch\u00e4tzte Lesezeit":"1\u00a0Minute"},"schema":{"@context":"https:\/\/schema.org","@graph":[{"@type":"WebPage","@id":"https:\/\/zett.it\/de\/torggelebetrieb-des-jahres\/","url":"https:\/\/zett.it\/de\/torggelebetrieb-des-jahres\/","name":"T\u00f6rggelebetrieb des Jahres - Zett.it","isPartOf":{"@id":"https:\/\/zett.it\/de\/#website"},"primaryImageOfPage":{"@id":"https:\/\/zett.it\/de\/torggelebetrieb-des-jahres\/#primaryimage"},"image":{"@id":"https:\/\/zett.it\/de\/torggelebetrieb-des-jahres\/#primaryimage"},"thumbnailUrl":"https:\/\/zett.it\/wp-content\/uploads\/2025\/09\/1920x960px_Toerggelen_Allgemeiner_Post_Header_TP-1-1024x512.jpg","datePublished":"2025-09-11T13:50:13+00:00","dateModified":"2025-09-12T06:34:04+00:00","breadcrumb":{"@id":"https:\/\/zett.it\/de\/torggelebetrieb-des-jahres\/#breadcrumb"},"inLanguage":"de","potentialAction":[{"@type":"ReadAction","target":["https:\/\/zett.it\/de\/torggelebetrieb-des-jahres\/"]}]},{"@type":"ImageObject","inLanguage":"de","@id":"https:\/\/zett.it\/de\/torggelebetrieb-des-jahres\/#primaryimage","url":"https:\/\/zett.it\/wp-content\/uploads\/2025\/09\/1920x960px_Toerggelen_Allgemeiner_Post_Header_TP-1-1024x512.jpg","contentUrl":"https:\/\/zett.it\/wp-content\/uploads\/2025\/09\/1920x960px_Toerggelen_Allgemeiner_Post_Header_TP-1-1024x512.jpg"},{"@type":"BreadcrumbList","@id":"https:\/\/zett.it\/de\/torggelebetrieb-des-jahres\/#breadcrumb","itemListElement":[{"@type":"ListItem","position":1,"name":"Startseite","item":"https:\/\/zett.it\/de\/"},{"@type":"ListItem","position":2,"name":"T\u00f6rggelebetrieb des Jahres"}]},{"@type":"WebSite","@id":"https:\/\/zett.it\/de\/#website","url":"https:\/\/zett.it\/de\/","name":"Zett.it","description":"","potentialAction":[{"@type":"SearchAction","target":{"@type":"EntryPoint","urlTemplate":"https:\/\/zett.it\/de\/?s={search_term_string}"},"query-input":{"@type":"PropertyValueSpecification","valueRequired":true,"valueName":"search_term_string"}}],"inLanguage":"de"}]}},"_links":{"self":[{"href":"https:\/\/zett.it\/de\/wp-json\/wp\/v2\/pages\/7206","targetHints":{"allow":["GET"]}}],"collection":[{"href":"https:\/\/zett.it\/de\/wp-json\/wp\/v2\/pages"}],"about":[{"href":"https:\/\/zett.it\/de\/wp-json\/wp\/v2\/types\/page"}],"author":[{"embeddable":true,"href":"https:\/\/zett.it\/de\/wp-json\/wp\/v2\/users\/5"}],"replies":[{"embeddable":true,"href":"https:\/\/zett.it\/de\/wp-json\/wp\/v2\/comments?post=7206"}],"version-history":[{"count":4,"href":"https:\/\/zett.it\/de\/wp-json\/wp\/v2\/pages\/7206\/revisions"}],"predecessor-version":[{"id":7217,"href":"https:\/\/zett.it\/de\/wp-json\/wp\/v2\/pages\/7206\/revisions\/7217"}],"wp:attachment":[{"href":"https:\/\/zett.it\/de\/wp-json\/wp\/v2\/media?parent=7206"}],"curies":[{"name":"wp","href":"https:\/\/api.w.org\/{rel}","templated":true}]}}