{"id":5049,"date":"2023-11-03T15:58:09","date_gmt":"2023-11-03T14:58:09","guid":{"rendered":"https:\/\/zett.it\/?page_id=5049"},"modified":"2025-02-12T12:14:20","modified_gmt":"2025-02-12T11:14:20","slug":"hochzeitslocation2024","status":"publish","type":"page","link":"https:\/\/zett.it\/de\/hochzeitslocation2024\/","title":{"rendered":"Hochzeitslocation 2024"},"content":{"rendered":"\n<figure class=\"wp-block-image size-full\"><img loading=\"lazy\" decoding=\"async\" width=\"982\" height=\"650\" src=\"https:\/\/zett.it\/wp-content\/uploads\/2025\/02\/Hochzeitslocation-des-Jahres.jpg\" alt=\"\" class=\"wp-image-6494\" srcset=\"https:\/\/zett.it\/wp-content\/uploads\/2025\/02\/Hochzeitslocation-des-Jahres.jpg 982w, https:\/\/zett.it\/wp-content\/uploads\/2025\/02\/Hochzeitslocation-des-Jahres-500x331.jpg 500w, https:\/\/zett.it\/wp-content\/uploads\/2025\/02\/Hochzeitslocation-des-Jahres-768x508.jpg 768w, https:\/\/zett.it\/wp-content\/uploads\/2025\/02\/Hochzeitslocation-des-Jahres-350x232.jpg 350w\" sizes=\"auto, (max-width: 982px) 100vw, 982px\" \/><\/figure>\n\n\n\n<h2 class=\"wp-block-heading has-large-font-size\">Strahlende Sieger!<\/h2>\n\n\n\n<p>Ihr Schloss ist weit \u00fcber die Grenzen von Eppan hinaus bekannt \u2013 und auch bei Hochzeitspaaren aus den USA, Israel, Indien und der Ukraine beliebt. In diesem Jahr hat <strong>Schloss Freudenstein in Eppan\/Berg <\/strong>zudem noch die \u201eZett\u201c-Abstimmung der <strong>\u201eHochzeitslocation des Jahres\u201c <\/strong>gewonnen.<\/p>\n\n\n\n<p class=\"has-vivid-red-color has-text-color has-link-color has-medium-font-size wp-elements-fa5d537aa40ae1315f58d41c5c1a0bb7\">Die Online-Abstimmung<\/p>\n\n\n\n<p><strong>Vom 24. November bis zum 8. Dezember<\/strong> <strong>2024<\/strong> hatten alle Leserinnen und Leser der \u201eZett\u201c die M\u00f6glichkeit, an einer Online-Abstimmung teilzunehmen und ihre <strong>liebste Hochzeitslocation<\/strong> zu w\u00e4hlen. Durchgesetzt hat sich schlussendlich <strong>Schloss Freudenstein in Eppan\/Berg<\/strong> gegen weitere begehrte S\u00fcdtiroler Hochzeitslocations. Insgesamt wurden fast 10.000 Stimmen abgegeben.<br>\u201eIch dachte und hoffte von Anfang an, dass wir gewinnen w\u00fcrden. Schlie\u00dflich haben wir eine wundersch\u00f6ne Location in Eppan\/Berg\u201c, freut sich Peter Gostner. <\/p>\n\n\n\n<p><strong>Platz zwei<\/strong> bei der Abstimmung \u00fcber die \u201eHochzeitslocation des Jahres 2024\u201c der Sonntagszeitung \u201eZett\u201c ging \u00fcbrigens an <strong>\u201eTilia \u2013 The Location\u201c in Aldein<\/strong>, <strong>Platz drei <\/strong>ergatterte sich die <strong>\u201eHaselburg\u201c oberhalb von Bozen.<\/strong> Dahinter reihen sich folgende Betriebe: die \u201eLorenzi H\u00fctte\u201c in Olang, der \u201eAnsitz Zinnenberg\u201c in Eppan, ebenfalls gef\u00fchrt von Peter Gostner und seiner Mutter Karoline Fink, die \u201eFahlburg\u201c in Prissian, \u201eBrix 0.1\u201c in Brixen, der \u201eBuschenschank Mitteregg\u201c in Riffian, der \u201eHuberhof\u201c in V\u00f6ls, die \u201eHaselstaude\u201c in St. Leonhard in Passeier, \u201eLaurins Lounge\u201c in Carezza und die \u201eBrennerei Roner\u201c in Tramin.<\/p>\n\n\n\n<p><\/p>\n\n\n\n<p>Foto: Miriam Roschatt<\/p>\n\n\n\n<p><\/p>\n\n\n\n<p><\/p>\n","protected":false},"excerpt":{"rendered":"<p>Strahlende Sieger! Ihr Schloss ist weit \u00fcber die Grenzen von Eppan hinaus bekannt \u2013 und auch bei Hochzeitspaaren aus den USA, Israel, Indien und der Ukraine beliebt. In diesem Jahr hat Schloss Freudenstein in Eppan\/Berg zudem noch die \u201eZett\u201c-Abstimmung der \u201eHochzeitslocation des Jahres\u201c gewonnen. Die Online-Abstimmung Vom 24. November bis zum 8. Dezember 2024 hatten [&hellip;]<\/p>\n","protected":false},"author":5,"featured_media":0,"parent":0,"menu_order":0,"comment_status":"closed","ping_status":"closed","template":"","meta":{"_acf_changed":false,"footnotes":""},"class_list":["post-5049","page","type-page","status-publish","hentry"],"acf":[],"yoast_head":"<!-- This site is optimized with the Yoast SEO plugin v26.7 - https:\/\/yoast.com\/wordpress\/plugins\/seo\/ -->\n<title>Hochzeitslocation 2024 - Zett.it<\/title>\n<meta name=\"description\" content=\"Wir suchen die Hochzeitslocation 2023!\" \/>\n<meta name=\"robots\" content=\"index, follow, max-snippet:-1, max-image-preview:large, max-video-preview:-1\" \/>\n<link rel=\"canonical\" href=\"https:\/\/zett.it\/de\/hochzeitslocation2024\/\" \/>\n<meta property=\"og:locale\" content=\"de_DE\" \/>\n<meta property=\"og:type\" content=\"article\" \/>\n<meta property=\"og:title\" content=\"Hochzeitslocation 2024 - Zett.it\" \/>\n<meta property=\"og:description\" content=\"Wir suchen die Hochzeitslocation 2023!\" \/>\n<meta property=\"og:url\" content=\"https:\/\/zett.it\/de\/hochzeitslocation2024\/\" \/>\n<meta property=\"og:site_name\" content=\"Zett.it\" \/>\n<meta property=\"article:modified_time\" content=\"2025-02-12T11:14:20+00:00\" \/>\n<meta property=\"og:image\" content=\"https:\/\/zett.it\/wp-content\/uploads\/2025\/02\/Hochzeitslocation-des-Jahres.jpg\" \/>\n<meta name=\"twitter:card\" content=\"summary_large_image\" \/>\n<meta name=\"twitter:label1\" content=\"Gesch\u00e4tzte Lesezeit\" \/>\n\t<meta name=\"twitter:data1\" content=\"1\u00a0Minute\" \/>\n<script type=\"application\/ld+json\" class=\"yoast-schema-graph\">{\"@context\":\"https:\/\/schema.org\",\"@graph\":[{\"@type\":\"WebPage\",\"@id\":\"https:\/\/zett.it\/de\/hochzeitslocation2024\/\",\"url\":\"https:\/\/zett.it\/de\/hochzeitslocation2024\/\",\"name\":\"Hochzeitslocation 2024 - Zett.it\",\"isPartOf\":{\"@id\":\"https:\/\/zett.it\/de\/#website\"},\"primaryImageOfPage\":{\"@id\":\"https:\/\/zett.it\/de\/hochzeitslocation2024\/#primaryimage\"},\"image\":{\"@id\":\"https:\/\/zett.it\/de\/hochzeitslocation2024\/#primaryimage\"},\"thumbnailUrl\":\"https:\/\/zett.it\/wp-content\/uploads\/2025\/02\/Hochzeitslocation-des-Jahres.jpg\",\"datePublished\":\"2023-11-03T14:58:09+00:00\",\"dateModified\":\"2025-02-12T11:14:20+00:00\",\"description\":\"Wir suchen die Hochzeitslocation 2023!\",\"breadcrumb\":{\"@id\":\"https:\/\/zett.it\/de\/hochzeitslocation2024\/#breadcrumb\"},\"inLanguage\":\"de\",\"potentialAction\":[{\"@type\":\"ReadAction\",\"target\":[\"https:\/\/zett.it\/de\/hochzeitslocation2024\/\"]}]},{\"@type\":\"ImageObject\",\"inLanguage\":\"de\",\"@id\":\"https:\/\/zett.it\/de\/hochzeitslocation2024\/#primaryimage\",\"url\":\"https:\/\/zett.it\/wp-content\/uploads\/2025\/02\/Hochzeitslocation-des-Jahres.jpg\",\"contentUrl\":\"https:\/\/zett.it\/wp-content\/uploads\/2025\/02\/Hochzeitslocation-des-Jahres.jpg\"},{\"@type\":\"BreadcrumbList\",\"@id\":\"https:\/\/zett.it\/de\/hochzeitslocation2024\/#breadcrumb\",\"itemListElement\":[{\"@type\":\"ListItem\",\"position\":1,\"name\":\"Startseite\",\"item\":\"https:\/\/zett.it\/de\/\"},{\"@type\":\"ListItem\",\"position\":2,\"name\":\"Hochzeitslocation 2024\"}]},{\"@type\":\"WebSite\",\"@id\":\"https:\/\/zett.it\/de\/#website\",\"url\":\"https:\/\/zett.it\/de\/\",\"name\":\"Zett.it\",\"description\":\"\",\"potentialAction\":[{\"@type\":\"SearchAction\",\"target\":{\"@type\":\"EntryPoint\",\"urlTemplate\":\"https:\/\/zett.it\/de\/?s={search_term_string}\"},\"query-input\":{\"@type\":\"PropertyValueSpecification\",\"valueRequired\":true,\"valueName\":\"search_term_string\"}}],\"inLanguage\":\"de\"}]}<\/script>\n<!-- \/ Yoast SEO plugin. -->","yoast_head_json":{"title":"Hochzeitslocation 2024 - Zett.it","description":"Wir suchen die Hochzeitslocation 2023!","robots":{"index":"index","follow":"follow","max-snippet":"max-snippet:-1","max-image-preview":"max-image-preview:large","max-video-preview":"max-video-preview:-1"},"canonical":"https:\/\/zett.it\/de\/hochzeitslocation2024\/","og_locale":"de_DE","og_type":"article","og_title":"Hochzeitslocation 2024 - Zett.it","og_description":"Wir suchen die Hochzeitslocation 2023!","og_url":"https:\/\/zett.it\/de\/hochzeitslocation2024\/","og_site_name":"Zett.it","article_modified_time":"2025-02-12T11:14:20+00:00","og_image":[{"url":"https:\/\/zett.it\/wp-content\/uploads\/2025\/02\/Hochzeitslocation-des-Jahres.jpg","type":"","width":"","height":""}],"twitter_card":"summary_large_image","twitter_misc":{"Gesch\u00e4tzte Lesezeit":"1\u00a0Minute"},"schema":{"@context":"https:\/\/schema.org","@graph":[{"@type":"WebPage","@id":"https:\/\/zett.it\/de\/hochzeitslocation2024\/","url":"https:\/\/zett.it\/de\/hochzeitslocation2024\/","name":"Hochzeitslocation 2024 - Zett.it","isPartOf":{"@id":"https:\/\/zett.it\/de\/#website"},"primaryImageOfPage":{"@id":"https:\/\/zett.it\/de\/hochzeitslocation2024\/#primaryimage"},"image":{"@id":"https:\/\/zett.it\/de\/hochzeitslocation2024\/#primaryimage"},"thumbnailUrl":"https:\/\/zett.it\/wp-content\/uploads\/2025\/02\/Hochzeitslocation-des-Jahres.jpg","datePublished":"2023-11-03T14:58:09+00:00","dateModified":"2025-02-12T11:14:20+00:00","description":"Wir suchen die Hochzeitslocation 2023!","breadcrumb":{"@id":"https:\/\/zett.it\/de\/hochzeitslocation2024\/#breadcrumb"},"inLanguage":"de","potentialAction":[{"@type":"ReadAction","target":["https:\/\/zett.it\/de\/hochzeitslocation2024\/"]}]},{"@type":"ImageObject","inLanguage":"de","@id":"https:\/\/zett.it\/de\/hochzeitslocation2024\/#primaryimage","url":"https:\/\/zett.it\/wp-content\/uploads\/2025\/02\/Hochzeitslocation-des-Jahres.jpg","contentUrl":"https:\/\/zett.it\/wp-content\/uploads\/2025\/02\/Hochzeitslocation-des-Jahres.jpg"},{"@type":"BreadcrumbList","@id":"https:\/\/zett.it\/de\/hochzeitslocation2024\/#breadcrumb","itemListElement":[{"@type":"ListItem","position":1,"name":"Startseite","item":"https:\/\/zett.it\/de\/"},{"@type":"ListItem","position":2,"name":"Hochzeitslocation 2024"}]},{"@type":"WebSite","@id":"https:\/\/zett.it\/de\/#website","url":"https:\/\/zett.it\/de\/","name":"Zett.it","description":"","potentialAction":[{"@type":"SearchAction","target":{"@type":"EntryPoint","urlTemplate":"https:\/\/zett.it\/de\/?s={search_term_string}"},"query-input":{"@type":"PropertyValueSpecification","valueRequired":true,"valueName":"search_term_string"}}],"inLanguage":"de"}]}},"_links":{"self":[{"href":"https:\/\/zett.it\/de\/wp-json\/wp\/v2\/pages\/5049","targetHints":{"allow":["GET"]}}],"collection":[{"href":"https:\/\/zett.it\/de\/wp-json\/wp\/v2\/pages"}],"about":[{"href":"https:\/\/zett.it\/de\/wp-json\/wp\/v2\/types\/page"}],"author":[{"embeddable":true,"href":"https:\/\/zett.it\/de\/wp-json\/wp\/v2\/users\/5"}],"replies":[{"embeddable":true,"href":"https:\/\/zett.it\/de\/wp-json\/wp\/v2\/comments?post=5049"}],"version-history":[{"count":30,"href":"https:\/\/zett.it\/de\/wp-json\/wp\/v2\/pages\/5049\/revisions"}],"predecessor-version":[{"id":6504,"href":"https:\/\/zett.it\/de\/wp-json\/wp\/v2\/pages\/5049\/revisions\/6504"}],"wp:attachment":[{"href":"https:\/\/zett.it\/de\/wp-json\/wp\/v2\/media?parent=5049"}],"curies":[{"name":"wp","href":"https:\/\/api.w.org\/{rel}","templated":true}]}}