{"id":5,"date":"2017-03-13T14:19:39","date_gmt":"2017-03-13T13:19:39","guid":{"rendered":"http:\/\/zett.it\/?page_id=5"},"modified":"2025-08-27T11:48:56","modified_gmt":"2025-08-27T09:48:56","slug":"home","status":"publish","type":"page","link":"https:\/\/zett.it\/de\/","title":{"rendered":"Home"},"content":{"rendered":"<h1>\u201eZett\u201c am Sonntag<\/h1>\n<h2>Ihre aktuelle Sonntagszeitung f\u00fcr S\u00fcdtirol<\/h2>\n<p>In der \u201e<strong>Zett\u201c am Sonntag<\/strong> erwarten Sie <strong>tagesaktuelle Nachrichten<\/strong> aus den Ressorts Politik, Lokales, Weltgeschehen, Wirtschaft, Kultur und Sport. Diese werden durch <strong>vertiefende Hintergrundberichte<\/strong> perfekt erg\u00e4nzt. Interessante Interviews, Portr\u00e4ts und Reportagen bilden zus\u00e4tzlich das <strong>Herzst\u00fcck der \u201eZett\u201c<\/strong> \u2013 damit jeder Sonntag zum Lesetag wird. Abgerundet wird das kompakte Medienpaket mit Meinungsbeitr\u00e4gen und\u00a0immer <strong>aktuellen Gewinnspielen<\/strong>.<\/p>\n<p>Als Organisator und verantwortlich f\u00fcr die j\u00e4hrliche <strong>\u201e<\/strong><strong>Zett\u201c<\/strong>&#8211;<strong>Miss-S\u00fcdtirol-Wahl<\/strong> finden Sie in Ihrer S\u00fcdtiroler Sonntagszeitung alle aktuellen Neuigkeiten \u00fcber diese spannende Wahl.<\/p>\n<p><strong>\u201eZett\u201c \u2013 Ihre S\u00fcdtiroler Zeitung am Sonntag<\/strong> gibt&#8217;s au\u00dferdem auch bequem digital direkt auf Ihr Tablet oder Smartphone. <strong>Einfach testen und online lesen<\/strong>.<\/p>\n","protected":false},"excerpt":{"rendered":"<p>\u201eZett\u201c am Sonntag Ihre aktuelle Sonntagszeitung f\u00fcr S\u00fcdtirol In der \u201eZett\u201c am Sonntag erwarten Sie tagesaktuelle Nachrichten aus den Ressorts Politik, Lokales, Weltgeschehen, Wirtschaft, Kultur und Sport. Diese werden durch vertiefende Hintergrundberichte perfekt erg\u00e4nzt. Interessante Interviews, Portr\u00e4ts und Reportagen bilden zus\u00e4tzlich das Herzst\u00fcck der \u201eZett\u201c \u2013 damit jeder Sonntag zum Lesetag wird. Abgerundet wird das [&hellip;]<\/p>\n","protected":false},"author":5,"featured_media":0,"parent":0,"menu_order":0,"comment_status":"closed","ping_status":"closed","template":"","meta":{"_acf_changed":false,"footnotes":""},"class_list":["post-5","page","type-page","status-publish","hentry"],"acf":[],"yoast_head":"<!-- This site is optimized with the Yoast SEO plugin v26.7 - https:\/\/yoast.com\/wordpress\/plugins\/seo\/ -->\n<title>Zett am Sonntag: Ihre Sonntagszeitung online<\/title>\n<meta name=\"description\" content=\"Alles \u00fcber die neue Ausgabe der Zett am Sonntag: Lesen Sie Ihre Sonntagszeitung online und informieren Sie sich \u00fcber die wichtigsten Themen S\u00fcdtirols.\" \/>\n<meta name=\"robots\" content=\"index, follow, max-snippet:-1, max-image-preview:large, max-video-preview:-1\" \/>\n<link rel=\"canonical\" href=\"https:\/\/zett.it\/de\/\" \/>\n<meta property=\"og:locale\" content=\"de_DE\" \/>\n<meta property=\"og:type\" content=\"article\" \/>\n<meta property=\"og:title\" content=\"Zett am Sonntag: Ihre Sonntagszeitung online\" \/>\n<meta property=\"og:description\" content=\"Alles \u00fcber die neue Ausgabe der Zett am Sonntag: Lesen Sie Ihre Sonntagszeitung online und informieren Sie sich \u00fcber die wichtigsten Themen S\u00fcdtirols.\" \/>\n<meta property=\"og:url\" content=\"https:\/\/zett.it\/de\/\" \/>\n<meta property=\"og:site_name\" content=\"Zett.it\" \/>\n<meta property=\"article:modified_time\" content=\"2025-08-27T09:48:56+00:00\" \/>\n<meta name=\"twitter:card\" content=\"summary_large_image\" \/>\n<meta name=\"twitter:label1\" content=\"Gesch\u00e4tzte Lesezeit\" \/>\n\t<meta name=\"twitter:data1\" content=\"1\u00a0Minute\" \/>\n<script type=\"application\/ld+json\" class=\"yoast-schema-graph\">{\"@context\":\"https:\/\/schema.org\",\"@graph\":[{\"@type\":\"WebPage\",\"@id\":\"https:\/\/zett.it\/de\/\",\"url\":\"https:\/\/zett.it\/de\/\",\"name\":\"Zett am Sonntag: Ihre Sonntagszeitung online\",\"isPartOf\":{\"@id\":\"https:\/\/zett.it\/de\/#website\"},\"datePublished\":\"2017-03-13T13:19:39+00:00\",\"dateModified\":\"2025-08-27T09:48:56+00:00\",\"description\":\"Alles \u00fcber die neue Ausgabe der Zett am Sonntag: Lesen Sie Ihre Sonntagszeitung online und informieren Sie sich \u00fcber die wichtigsten Themen S\u00fcdtirols.\",\"breadcrumb\":{\"@id\":\"https:\/\/zett.it\/de\/#breadcrumb\"},\"inLanguage\":\"de\",\"potentialAction\":[{\"@type\":\"ReadAction\",\"target\":[\"https:\/\/zett.it\/de\/\"]}]},{\"@type\":\"BreadcrumbList\",\"@id\":\"https:\/\/zett.it\/de\/#breadcrumb\",\"itemListElement\":[{\"@type\":\"ListItem\",\"position\":1,\"name\":\"Startseite\",\"item\":\"https:\/\/zett.it\/de\/\"},{\"@type\":\"ListItem\",\"position\":2,\"name\":\"Home\"}]},{\"@type\":\"WebSite\",\"@id\":\"https:\/\/zett.it\/de\/#website\",\"url\":\"https:\/\/zett.it\/de\/\",\"name\":\"Zett.it\",\"description\":\"\",\"potentialAction\":[{\"@type\":\"SearchAction\",\"target\":{\"@type\":\"EntryPoint\",\"urlTemplate\":\"https:\/\/zett.it\/de\/?s={search_term_string}\"},\"query-input\":{\"@type\":\"PropertyValueSpecification\",\"valueRequired\":true,\"valueName\":\"search_term_string\"}}],\"inLanguage\":\"de\"}]}<\/script>\n<!-- \/ Yoast SEO plugin. -->","yoast_head_json":{"title":"Zett am Sonntag: Ihre Sonntagszeitung online","description":"Alles \u00fcber die neue Ausgabe der Zett am Sonntag: Lesen Sie Ihre Sonntagszeitung online und informieren Sie sich \u00fcber die wichtigsten Themen S\u00fcdtirols.","robots":{"index":"index","follow":"follow","max-snippet":"max-snippet:-1","max-image-preview":"max-image-preview:large","max-video-preview":"max-video-preview:-1"},"canonical":"https:\/\/zett.it\/de\/","og_locale":"de_DE","og_type":"article","og_title":"Zett am Sonntag: Ihre Sonntagszeitung online","og_description":"Alles \u00fcber die neue Ausgabe der Zett am Sonntag: Lesen Sie Ihre Sonntagszeitung online und informieren Sie sich \u00fcber die wichtigsten Themen S\u00fcdtirols.","og_url":"https:\/\/zett.it\/de\/","og_site_name":"Zett.it","article_modified_time":"2025-08-27T09:48:56+00:00","twitter_card":"summary_large_image","twitter_misc":{"Gesch\u00e4tzte Lesezeit":"1\u00a0Minute"},"schema":{"@context":"https:\/\/schema.org","@graph":[{"@type":"WebPage","@id":"https:\/\/zett.it\/de\/","url":"https:\/\/zett.it\/de\/","name":"Zett am Sonntag: Ihre Sonntagszeitung online","isPartOf":{"@id":"https:\/\/zett.it\/de\/#website"},"datePublished":"2017-03-13T13:19:39+00:00","dateModified":"2025-08-27T09:48:56+00:00","description":"Alles \u00fcber die neue Ausgabe der Zett am Sonntag: Lesen Sie Ihre Sonntagszeitung online und informieren Sie sich \u00fcber die wichtigsten Themen S\u00fcdtirols.","breadcrumb":{"@id":"https:\/\/zett.it\/de\/#breadcrumb"},"inLanguage":"de","potentialAction":[{"@type":"ReadAction","target":["https:\/\/zett.it\/de\/"]}]},{"@type":"BreadcrumbList","@id":"https:\/\/zett.it\/de\/#breadcrumb","itemListElement":[{"@type":"ListItem","position":1,"name":"Startseite","item":"https:\/\/zett.it\/de\/"},{"@type":"ListItem","position":2,"name":"Home"}]},{"@type":"WebSite","@id":"https:\/\/zett.it\/de\/#website","url":"https:\/\/zett.it\/de\/","name":"Zett.it","description":"","potentialAction":[{"@type":"SearchAction","target":{"@type":"EntryPoint","urlTemplate":"https:\/\/zett.it\/de\/?s={search_term_string}"},"query-input":{"@type":"PropertyValueSpecification","valueRequired":true,"valueName":"search_term_string"}}],"inLanguage":"de"}]}},"_links":{"self":[{"href":"https:\/\/zett.it\/de\/wp-json\/wp\/v2\/pages\/5","targetHints":{"allow":["GET"]}}],"collection":[{"href":"https:\/\/zett.it\/de\/wp-json\/wp\/v2\/pages"}],"about":[{"href":"https:\/\/zett.it\/de\/wp-json\/wp\/v2\/types\/page"}],"author":[{"embeddable":true,"href":"https:\/\/zett.it\/de\/wp-json\/wp\/v2\/users\/5"}],"replies":[{"embeddable":true,"href":"https:\/\/zett.it\/de\/wp-json\/wp\/v2\/comments?post=5"}],"version-history":[{"count":9,"href":"https:\/\/zett.it\/de\/wp-json\/wp\/v2\/pages\/5\/revisions"}],"predecessor-version":[{"id":7120,"href":"https:\/\/zett.it\/de\/wp-json\/wp\/v2\/pages\/5\/revisions\/7120"}],"wp:attachment":[{"href":"https:\/\/zett.it\/de\/wp-json\/wp\/v2\/media?parent=5"}],"curies":[{"name":"wp","href":"https:\/\/api.w.org\/{rel}","templated":true}]}}