{"id":34,"date":"2017-03-23T08:53:27","date_gmt":"2017-03-23T07:53:27","guid":{"rendered":"http:\/\/zett.it?page_id=34"},"modified":"2025-03-25T17:26:01","modified_gmt":"2025-03-25T16:26:01","slug":"impressum","status":"publish","type":"page","link":"https:\/\/zett.it\/de\/impressum\/","title":{"rendered":"Impressum"},"content":{"rendered":"<div class=\"post-title-wrapper\">\n<h1 class=\"post-title\">Impressum<\/h1>\n<\/div>\n<h2><strong>Eigent\u00fcmer und Herausgeber:<\/strong><\/h2>\n<p>Athesia Druck GmbH<\/p>\n<p>Rechts- und Steuersitz: Lauben 41, 39100 Bozen<\/p>\n<p>Eintragungs- und Steuernummer: IT00853870210<\/p>\n<p>Chefredakteur und presserechtlich verantwortlich: \u00a0Dr. Lukas Benedikter<\/p>\n<p>Einziger Gesellschafter: Athesia AG<\/p>\n<p>Unterliegt der Leitung und Koordinierung der E&amp;E Holding &amp; Consulting GmbH gem\u00e4\u00df Art. 2497 ff. ZGB<\/p>\n<h2><strong>Kontakt<\/strong><\/h2>\n<p>Zett \u2013 Die Zeitung am Sonntag<\/p>\n<p>Tel: +39 0471 925374<\/p>\n<p>E-Mail: <a href=\"mailto:zett@athesia.it\">zett@athesia.it<\/a><\/p>\n<p>Web: <a href=\"http:\/\/www.zett.it\">www.zett.it<\/a><\/p>\n<h2><\/h2>\n<p>Hinweis:<\/p>\n<p>Die im Rahmen von zett.it gelieferten Informationen sind in allen ihren Teilen urheberrechtlich gesch\u00fctzt. Ihre Verwendung und Verwertung ist ausschlie\u00dflich zum pers\u00f6nlichen Gebrauch gestattet. Jede weitere Verwertung ist unzul\u00e4ssig und strafbar. Dies gilt insbesondere f\u00fcr Vervielf\u00e4ltigungen, \u00dcbersetzungen, Mikroverfilmungen, Einspeicherung und Verbreitung in elektronischen Systemen<\/p>\n","protected":false},"excerpt":{"rendered":"<p>Impressum Eigent\u00fcmer und Herausgeber: Athesia Druck GmbH Rechts- und Steuersitz: Lauben 41, 39100 Bozen Eintragungs- und Steuernummer: IT00853870210 Chefredakteur und presserechtlich verantwortlich: \u00a0Dr. Lukas Benedikter Einziger Gesellschafter: Athesia AG Unterliegt der Leitung und Koordinierung der E&amp;E Holding &amp; Consulting GmbH gem\u00e4\u00df Art. 2497 ff. ZGB Kontakt Zett \u2013 Die Zeitung am Sonntag Tel: +39 0471 [&hellip;]<\/p>\n","protected":false},"author":5,"featured_media":0,"parent":0,"menu_order":0,"comment_status":"closed","ping_status":"closed","template":"","meta":{"_acf_changed":false,"footnotes":""},"class_list":["post-34","page","type-page","status-publish","hentry"],"acf":[],"yoast_head":"<!-- This site is optimized with the Yoast SEO plugin v26.7 - https:\/\/yoast.com\/wordpress\/plugins\/seo\/ -->\n<title>Impressum von www.zett.it<\/title>\n<meta name=\"description\" content=\"Das Impressum von www.zett.it: Entworfen und programmiert von S\u00fcdtirol Online Marketing.\" \/>\n<meta name=\"robots\" content=\"index, follow, max-snippet:-1, max-image-preview:large, max-video-preview:-1\" \/>\n<link rel=\"canonical\" href=\"https:\/\/zett.it\/de\/impressum\/\" \/>\n<meta property=\"og:locale\" content=\"de_DE\" \/>\n<meta property=\"og:type\" content=\"article\" \/>\n<meta property=\"og:title\" content=\"Impressum von www.zett.it\" \/>\n<meta property=\"og:description\" content=\"Das Impressum von www.zett.it: Entworfen und programmiert von S\u00fcdtirol Online Marketing.\" \/>\n<meta property=\"og:url\" content=\"https:\/\/zett.it\/de\/impressum\/\" \/>\n<meta property=\"og:site_name\" content=\"Zett.it\" \/>\n<meta property=\"article:modified_time\" content=\"2025-03-25T16:26:01+00:00\" \/>\n<meta name=\"twitter:card\" content=\"summary_large_image\" \/>\n<meta name=\"twitter:label1\" content=\"Gesch\u00e4tzte Lesezeit\" \/>\n\t<meta name=\"twitter:data1\" content=\"1\u00a0Minute\" \/>\n<script type=\"application\/ld+json\" class=\"yoast-schema-graph\">{\"@context\":\"https:\/\/schema.org\",\"@graph\":[{\"@type\":\"WebPage\",\"@id\":\"https:\/\/zett.it\/de\/impressum\/\",\"url\":\"https:\/\/zett.it\/de\/impressum\/\",\"name\":\"Impressum von www.zett.it\",\"isPartOf\":{\"@id\":\"https:\/\/zett.it\/de\/#website\"},\"datePublished\":\"2017-03-23T07:53:27+00:00\",\"dateModified\":\"2025-03-25T16:26:01+00:00\",\"description\":\"Das Impressum von www.zett.it: Entworfen und programmiert von S\u00fcdtirol Online Marketing.\",\"breadcrumb\":{\"@id\":\"https:\/\/zett.it\/de\/impressum\/#breadcrumb\"},\"inLanguage\":\"de\",\"potentialAction\":[{\"@type\":\"ReadAction\",\"target\":[\"https:\/\/zett.it\/de\/impressum\/\"]}]},{\"@type\":\"BreadcrumbList\",\"@id\":\"https:\/\/zett.it\/de\/impressum\/#breadcrumb\",\"itemListElement\":[{\"@type\":\"ListItem\",\"position\":1,\"name\":\"Startseite\",\"item\":\"https:\/\/zett.it\/de\/\"},{\"@type\":\"ListItem\",\"position\":2,\"name\":\"Impressum\"}]},{\"@type\":\"WebSite\",\"@id\":\"https:\/\/zett.it\/de\/#website\",\"url\":\"https:\/\/zett.it\/de\/\",\"name\":\"Zett.it\",\"description\":\"\",\"potentialAction\":[{\"@type\":\"SearchAction\",\"target\":{\"@type\":\"EntryPoint\",\"urlTemplate\":\"https:\/\/zett.it\/de\/?s={search_term_string}\"},\"query-input\":{\"@type\":\"PropertyValueSpecification\",\"valueRequired\":true,\"valueName\":\"search_term_string\"}}],\"inLanguage\":\"de\"}]}<\/script>\n<!-- \/ Yoast SEO plugin. -->","yoast_head_json":{"title":"Impressum von www.zett.it","description":"Das Impressum von www.zett.it: Entworfen und programmiert von S\u00fcdtirol Online Marketing.","robots":{"index":"index","follow":"follow","max-snippet":"max-snippet:-1","max-image-preview":"max-image-preview:large","max-video-preview":"max-video-preview:-1"},"canonical":"https:\/\/zett.it\/de\/impressum\/","og_locale":"de_DE","og_type":"article","og_title":"Impressum von www.zett.it","og_description":"Das Impressum von www.zett.it: Entworfen und programmiert von S\u00fcdtirol Online Marketing.","og_url":"https:\/\/zett.it\/de\/impressum\/","og_site_name":"Zett.it","article_modified_time":"2025-03-25T16:26:01+00:00","twitter_card":"summary_large_image","twitter_misc":{"Gesch\u00e4tzte Lesezeit":"1\u00a0Minute"},"schema":{"@context":"https:\/\/schema.org","@graph":[{"@type":"WebPage","@id":"https:\/\/zett.it\/de\/impressum\/","url":"https:\/\/zett.it\/de\/impressum\/","name":"Impressum von www.zett.it","isPartOf":{"@id":"https:\/\/zett.it\/de\/#website"},"datePublished":"2017-03-23T07:53:27+00:00","dateModified":"2025-03-25T16:26:01+00:00","description":"Das Impressum von www.zett.it: Entworfen und programmiert von S\u00fcdtirol Online Marketing.","breadcrumb":{"@id":"https:\/\/zett.it\/de\/impressum\/#breadcrumb"},"inLanguage":"de","potentialAction":[{"@type":"ReadAction","target":["https:\/\/zett.it\/de\/impressum\/"]}]},{"@type":"BreadcrumbList","@id":"https:\/\/zett.it\/de\/impressum\/#breadcrumb","itemListElement":[{"@type":"ListItem","position":1,"name":"Startseite","item":"https:\/\/zett.it\/de\/"},{"@type":"ListItem","position":2,"name":"Impressum"}]},{"@type":"WebSite","@id":"https:\/\/zett.it\/de\/#website","url":"https:\/\/zett.it\/de\/","name":"Zett.it","description":"","potentialAction":[{"@type":"SearchAction","target":{"@type":"EntryPoint","urlTemplate":"https:\/\/zett.it\/de\/?s={search_term_string}"},"query-input":{"@type":"PropertyValueSpecification","valueRequired":true,"valueName":"search_term_string"}}],"inLanguage":"de"}]}},"_links":{"self":[{"href":"https:\/\/zett.it\/de\/wp-json\/wp\/v2\/pages\/34","targetHints":{"allow":["GET"]}}],"collection":[{"href":"https:\/\/zett.it\/de\/wp-json\/wp\/v2\/pages"}],"about":[{"href":"https:\/\/zett.it\/de\/wp-json\/wp\/v2\/types\/page"}],"author":[{"embeddable":true,"href":"https:\/\/zett.it\/de\/wp-json\/wp\/v2\/users\/5"}],"replies":[{"embeddable":true,"href":"https:\/\/zett.it\/de\/wp-json\/wp\/v2\/comments?post=34"}],"version-history":[{"count":4,"href":"https:\/\/zett.it\/de\/wp-json\/wp\/v2\/pages\/34\/revisions"}],"predecessor-version":[{"id":6537,"href":"https:\/\/zett.it\/de\/wp-json\/wp\/v2\/pages\/34\/revisions\/6537"}],"wp:attachment":[{"href":"https:\/\/zett.it\/de\/wp-json\/wp\/v2\/media?parent=34"}],"curies":[{"name":"wp","href":"https:\/\/api.w.org\/{rel}","templated":true}]}}