{"id":16,"date":"2017-03-23T08:49:40","date_gmt":"2017-03-23T07:49:40","guid":{"rendered":"http:\/\/zett.it?page_id=16"},"modified":"2026-02-17T15:44:45","modified_gmt":"2026-02-17T14:44:45","slug":"miss-suedtirol","status":"publish","type":"page","link":"https:\/\/zett.it\/de\/miss-suedtirol\/","title":{"rendered":"Miss S\u00fcdtirol"},"content":{"rendered":"<div class=\"wpb-content-wrapper\"><p>[vc_row full_width=&#8220;stretch_row&#8220; el_class=&#8220;box-burgundy&#8220;][vc_column width=&#8220;2\/3&#8243;][vc_column_text]<\/p>\n<h1>Die Wahl der \u201eZett\u201c-Miss S\u00fcdtirol<\/h1>\n<p style=\"text-align: left;\">Das gro\u00dfe Finale der \u201eZett\u201c-Miss S\u00fcdtirol 2027 findet am 24. Oktober 2026 im Kurhaus von Meran statt.<\/p>\n<p>Alle Infos, News und Highlights rund um die Veranstaltung und der aktuellen \u201eZett\u201c-Miss S\u00fcdtirol 2026 Sophia Heiss finden Sie sonntags in der \u201eZett\u201c oder auf unseren Social-Media-Kan\u00e4len.[\/vc_column_text][vc_column_text el_class=&#8220;social-miss&#8220;]<a class=\"fb-link\" href=\"\/\/fb.me\/ZettMissSuedtirol\" target=\"_blank\" rel=\"noopener noreferrer\"><img loading=\"lazy\" decoding=\"async\" class=\"alignnone size-medium wp-image-2155\" src=\"https:\/\/www.zett.it\/wp-content\/uploads\/2019\/06\/logo-facebook.svg\" alt=\"\" width=\"25\" height=\"25\" \/><\/a><a href=\"\/\/www.instagram.com\/zettmisssuedtirol\/\" target=\"_blank\" rel=\"noopener noreferrer\"><img loading=\"lazy\" decoding=\"async\" class=\"alignnone size-medium wp-image-2156\" src=\"https:\/\/www.zett.it\/wp-content\/uploads\/2019\/06\/logo-instagram.svg\" alt=\"\" width=\"25\" height=\"25\" \/><\/a> <a href=\"\/\/www.instagram.com\/explore\/tags\/zettmisss%C3%BCdtirol\/\">#zettmisss\u00fcdtirol<\/a>[\/vc_column_text][vc_toggle title=&#8220;zur Anmeldung&#8220; style=&#8220;square&#8220; color=&#8220;juicy_pink&#8220; el_class=&#8220;toggle-signup&#8220;]Du bist offen, selbstbewusst und m\u00f6chtest eine tolle Erfahrung machen?<br \/>\nDu bist zum Finalabend im Oktober 2026 mindestens 18 Jahre alt, ledig und seit zehn Jahren in S\u00fcdtirol ans\u00e4ssig?<\/p>\n<p><strong>Dann bewirb dich jetzt f\u00fcr die \u201eZett\u201c-Miss-S\u00fcdtirol Wahl 2027. <\/strong><\/p>\n<p><a href=\"https:\/\/zett.it\/wp-content\/uploads\/2026\/02\/Anmeldeformular_Miss_Suedtirol_2027.pdf\" target=\"_blank\" rel=\"noopener\"><strong>Jetzt direkt zum Anmeldeformular.<\/strong><\/a><\/p>\n<p>F\u00fcr die Bewerbung zur Teilnahme am Casting zur \u201eZett\u201c-Miss-S\u00fcdtirol 2027 bitte einfach eine Mail an <a href=\"mailto:zett.misssuedtirol@athesia.it\" target=\"_blank\" rel=\"noopener\">zettmisssuedtirol@athesia.it<\/a> schicken.[\/vc_toggle][\/vc_column][vc_column width=&#8220;1\/3&#8243;][vc_posts_slider count=&#8220;All&#8220; interval=&#8220;5&#8243; slides_content=&#8220;teaser&#8220; slides_title=&#8220;1&#8243; thumb_size=&#8220;large&#8220; orderby=&#8220;date&#8220; posttypes=&#8220;miss-blog&#8220; categories=&#8220;Miss Galerie&#8220; el_class=&#8220;box-card-shadow&#8220;][\/vc_column][\/vc_row][vc_row css=&#8220;.vc_custom_1561354208896{margin-top: 0px !important;background-color: #ffffff !important;}&#8220;][vc_column][vc_column_text]\n\t\t<style>\n\t\t\t#wpls-logo-showcase-slider-1 .wpls-fix-box,\n\t\t\t#wpls-logo-showcase-slider-1 .wpls-fix-box img.wp-post-image{max-height:250px; }\n\t\t<\/style>\n\n\t\t<div class=\"wpls-wrap wpls-logo-showcase-slider-wrp wpls-logo-clearfix wpls-design-1 \" data-conf=\"{&quot;slides_column&quot;:4,&quot;slides_scroll&quot;:1,&quot;dots&quot;:&quot;false&quot;,&quot;arrows&quot;:&quot;false&quot;,&quot;autoplay&quot;:&quot;true&quot;,&quot;autoplay_interval&quot;:3000,&quot;loop&quot;:&quot;true&quot;,&quot;rtl&quot;:&quot;false&quot;,&quot;speed&quot;:800,&quot;center_mode&quot;:&quot;false&quot;,&quot;lazyload&quot;:&quot;&quot;}\">\n\t\t\t<div class=\"wpls-logo-showcase logo_showcase wpls-logo-slider  sliderimage_hide_border wpls-dots-false\" id=\"wpls-logo-showcase-slider-1\" >\n\t\t\t\t<div class=\"wpls-logo-cnt\">\n\t<div class=\"wpls-fix-box\">\n\t\t\t\t<img decoding=\"async\" class=\"wp-post-image\"  src=\"https:\/\/zett.it\/wp-content\/uploads\/2018\/05\/Interior-Tower-Logo-schwarz.png\" alt=\"\" \/>\n\t\t\t<\/div>\n\t<\/div><div class=\"wpls-logo-cnt\">\n\t<div class=\"wpls-fix-box\">\n\t\t\t\t<a href=\"https:\/\/www.perfectplans.it\/?l=de\" target=\"_blank\">\n\t\t\t<img decoding=\"async\" class=\"wp-post-image\"  src=\"https:\/\/zett.it\/wp-content\/uploads\/2018\/06\/Perfect-Plans.png\" alt=\"\" \/>\n\t\t<\/a>\n\t\t\t<\/div>\n\t<\/div><div class=\"wpls-logo-cnt\">\n\t<div class=\"wpls-fix-box\">\n\t\t\t\t<a href=\"https:\/\/www.atelier-eme.com\/it\/home\/\" target=\"_blank\">\n\t\t\t<img decoding=\"async\" class=\"wp-post-image\"  src=\"https:\/\/zett.it\/wp-content\/uploads\/2019\/07\/AE.png\" alt=\"\" \/>\n\t\t<\/a>\n\t\t\t<\/div>\n\t<\/div><div class=\"wpls-logo-cnt\">\n\t<div class=\"wpls-fix-box\">\n\t\t\t\t<a href=\"https:\/\/www.martinreisen.com\/de\" target=\"_blank\">\n\t\t\t<img decoding=\"async\" class=\"wp-post-image\"  src=\"https:\/\/zett.it\/wp-content\/uploads\/2022\/07\/logo.png\" alt=\"\" \/>\n\t\t<\/a>\n\t\t\t<\/div>\n\t<\/div><div class=\"wpls-logo-cnt\">\n\t<div class=\"wpls-fix-box\">\n\t\t\t\t<a href=\"https:\/\/www.quellenhof.it\" target=\"_blank\">\n\t\t\t<img decoding=\"async\" class=\"wp-post-image\"  src=\"https:\/\/zett.it\/wp-content\/uploads\/2022\/07\/Quellenhof_225x250px.jpg\" alt=\"\" \/>\n\t\t<\/a>\n\t\t\t<\/div>\n\t<\/div><div class=\"wpls-logo-cnt\">\n\t<div class=\"wpls-fix-box\">\n\t\t\t\t<a href=\"https:\/\/www.tetris.bz.it\/\" target=\"_blank\">\n\t\t\t<img decoding=\"async\" class=\"wp-post-image\"  src=\"https:\/\/zett.it\/wp-content\/uploads\/2022\/07\/Tetris_logo_CMYK.jpg\" alt=\"\" \/>\n\t\t<\/a>\n\t\t\t<\/div>\n\t<\/div><div class=\"wpls-logo-cnt\">\n\t<div class=\"wpls-fix-box\">\n\t\t\t\t<a href=\"https:\/\/www.tirolergoldschmied.it\" target=\"_blank\">\n\t\t\t<img decoding=\"async\" class=\"wp-post-image\"  src=\"https:\/\/zett.it\/wp-content\/uploads\/2022\/07\/TG-Logo-neu-2018-RZ-CMYK.png\" alt=\"\" \/>\n\t\t<\/a>\n\t\t\t<\/div>\n\t<\/div><div class=\"wpls-logo-cnt\">\n\t<div class=\"wpls-fix-box\">\n\t\t\t\t<img decoding=\"async\" class=\"wp-post-image\"  src=\"https:\/\/zett.it\/wp-content\/uploads\/2023\/04\/Beyond_Green_225x250px.jpg\" alt=\"\" \/>\n\t\t\t<\/div>\n\t<\/div><div class=\"wpls-logo-cnt\">\n\t<div class=\"wpls-fix-box\">\n\t\t\t\t<a href=\"https:\/\/www.influagency.it\/\" target=\"_blank\">\n\t\t\t<img decoding=\"async\" class=\"wp-post-image\"  src=\"https:\/\/zett.it\/wp-content\/uploads\/2023\/04\/Influagency.png\" alt=\"\" \/>\n\t\t<\/a>\n\t\t\t<\/div>\n\t<\/div><div class=\"wpls-logo-cnt\">\n\t<div class=\"wpls-fix-box\">\n\t\t\t\t<a href=\"https:\/\/interel-trading.eu\/\" target=\"_blank\">\n\t\t\t<img decoding=\"async\" class=\"wp-post-image\"  src=\"https:\/\/zett.it\/wp-content\/uploads\/2023\/04\/INTEREL_Logo_cmyk_color_R.png\" alt=\"\" \/>\n\t\t<\/a>\n\t\t\t<\/div>\n\t<\/div><div class=\"wpls-logo-cnt\">\n\t<div class=\"wpls-fix-box\">\n\t\t\t\t<a href=\"http:\/\/sunflower-cosmetic.com\/\" target=\"_blank\">\n\t\t\t<img decoding=\"async\" class=\"wp-post-image\"  src=\"https:\/\/zett.it\/wp-content\/uploads\/2023\/05\/Cosmetic-normal.png\" alt=\"\" \/>\n\t\t<\/a>\n\t\t\t<\/div>\n\t<\/div><div class=\"wpls-logo-cnt\">\n\t<div class=\"wpls-fix-box\">\n\t\t\t\t<a href=\"https:\/\/cineplexx.bz.it\/cineplexx_de\/\" target=\"_blank\">\n\t\t\t<img decoding=\"async\" class=\"wp-post-image\"  src=\"https:\/\/zett.it\/wp-content\/uploads\/2024\/05\/cineplexx_225x250px.jpg\" alt=\"\" \/>\n\t\t<\/a>\n\t\t\t<\/div>\n\t<\/div><div class=\"wpls-logo-cnt\">\n\t<div class=\"wpls-fix-box\">\n\t\t\t\t<a href=\"https:\/\/moirefashion.com\/\" target=\"_blank\">\n\t\t\t<img decoding=\"async\" class=\"wp-post-image\"  src=\"https:\/\/zett.it\/wp-content\/uploads\/2024\/05\/moire_225x250px.jpg\" alt=\"\" \/>\n\t\t<\/a>\n\t\t\t<\/div>\n\t<\/div><div class=\"wpls-logo-cnt\">\n\t<div class=\"wpls-fix-box\">\n\t\t\t\t<a href=\"http:\/\/www.trachtenhit.com\/\" target=\"_blank\">\n\t\t\t<img decoding=\"async\" class=\"wp-post-image\"  src=\"https:\/\/zett.it\/wp-content\/uploads\/2024\/05\/trachten_hit_225x250px.jpg\" alt=\"\" \/>\n\t\t<\/a>\n\t\t\t<\/div>\n\t<\/div><div class=\"wpls-logo-cnt\">\n\t<div class=\"wpls-fix-box\">\n\t\t\t\t<a href=\"https:\/\/www.gluecksgefuehl.it\/\" target=\"_blank\">\n\t\t\t<img decoding=\"async\" class=\"wp-post-image\"  src=\"https:\/\/zett.it\/wp-content\/uploads\/2024\/05\/gluecksgefuehl_225x250px.jpg\" alt=\"\" \/>\n\t\t<\/a>\n\t\t\t<\/div>\n\t<\/div><div class=\"wpls-logo-cnt\">\n\t<div class=\"wpls-fix-box\">\n\t\t\t\t<a href=\"https:\/\/www.agsoundlights.com\/agsoundlights\/veranstaltungstechnik-suedtirol\/\" target=\"_blank\">\n\t\t\t<img decoding=\"async\" class=\"wp-post-image\"  src=\"https:\/\/zett.it\/wp-content\/uploads\/2024\/08\/Sound-lights.jpg\" alt=\"\" \/>\n\t\t<\/a>\n\t\t\t<\/div>\n\t<\/div><div class=\"wpls-logo-cnt\">\n\t<div class=\"wpls-fix-box\">\n\t\t\t\t<a href=\"https:\/\/www.kellereimeran.it\/de\/treffpunkte\/panoramaoenothek-marling?gad_source=1&#038;gclid=EAIaIQobChMI2obJs-moiAMVToVaBR09rD0EEAAYASAAEgJwPvD_BwE\" target=\"_blank\">\n\t\t\t<img decoding=\"async\" class=\"wp-post-image\"  src=\"https:\/\/zett.it\/wp-content\/uploads\/2024\/09\/Kellerei_Meran.jpg\" alt=\"\" \/>\n\t\t<\/a>\n\t\t\t<\/div>\n\t<\/div><div class=\"wpls-logo-cnt\">\n\t<div class=\"wpls-fix-box\">\n\t\t\t\t<a href=\"https:\/\/sparklingrocco.com\/it?srsltid=AfmBOor9zap81R0V_z_P2dZSWsygjlupKbURloKdBbOZQruoIaH6mADc\" target=\"_blank\">\n\t\t\t<img decoding=\"async\" class=\"wp-post-image\"  src=\"https:\/\/zett.it\/wp-content\/uploads\/2024\/09\/Sparkling_Rocco.jpg\" alt=\"\" \/>\n\t\t<\/a>\n\t\t\t<\/div>\n\t<\/div><div class=\"wpls-logo-cnt\">\n\t<div class=\"wpls-fix-box\">\n\t\t\t\t<a href=\"https:\/\/dimodels.it\/de\/\" target=\"_blank\">\n\t\t\t<img decoding=\"async\" class=\"wp-post-image\"  src=\"https:\/\/zett.it\/wp-content\/uploads\/2025\/07\/Di_Models_MS_Sponsoren_Homepage_225x250px.jpg\" alt=\"\" \/>\n\t\t<\/a>\n\t\t\t<\/div>\n\t<\/div><div class=\"wpls-logo-cnt\">\n\t<div class=\"wpls-fix-box\">\n\t\t\t\t<a href=\"https:\/\/www.mapetz.it\/\" target=\"_blank\">\n\t\t\t<img decoding=\"async\" class=\"wp-post-image\"  src=\"https:\/\/zett.it\/wp-content\/uploads\/2025\/07\/mapetz_225x250px.jpg\" alt=\"\" \/>\n\t\t<\/a>\n\t\t\t<\/div>\n\t<\/div><div class=\"wpls-logo-cnt\">\n\t<div class=\"wpls-fix-box\">\n\t\t\t\t<a href=\"https:\/\/www.facebook.com\/friseureinrichtungfab\/posts\/salon-maximilian-hochkofler-in-kaltern-der-weinstrasse-sued-tirol-wwwfriseureinr\/1155302176401286\/\" target=\"_blank\">\n\t\t\t<img decoding=\"async\" class=\"wp-post-image\"  src=\"https:\/\/zett.it\/wp-content\/uploads\/2025\/07\/Maximialian_Hochkofler_MS_Sponsoren_Homepage_225x250px.jpg\" alt=\"\" \/>\n\t\t<\/a>\n\t\t\t<\/div>\n\t<\/div><div class=\"wpls-logo-cnt\">\n\t<div class=\"wpls-fix-box\">\n\t\t\t\t<a href=\"https:\/\/mountbecher.com\/\" target=\"_blank\">\n\t\t\t<img decoding=\"async\" class=\"wp-post-image\"  src=\"https:\/\/zett.it\/wp-content\/uploads\/2025\/07\/Mount_Becher_MS_Sponsoren_Homepage_225x250px.jpg\" alt=\"\" \/>\n\t\t<\/a>\n\t\t\t<\/div>\n\t<\/div><div class=\"wpls-logo-cnt\">\n\t<div class=\"wpls-fix-box\">\n\t\t\t\t<a href=\"https:\/\/www.huttersport.com\/\" target=\"_blank\">\n\t\t\t<img decoding=\"async\" class=\"wp-post-image\"  src=\"https:\/\/zett.it\/wp-content\/uploads\/2025\/08\/Logo_Hutter_Gruen.png\" alt=\"\" \/>\n\t\t<\/a>\n\t\t\t<\/div>\n\t<\/div><div class=\"wpls-logo-cnt\">\n\t<div class=\"wpls-fix-box\">\n\t\t\t\t<a href=\"https:\/\/www.oberhoeller.com\/de\/\" target=\"_blank\">\n\t\t\t<img decoding=\"async\" class=\"wp-post-image\"  src=\"https:\/\/zett.it\/wp-content\/uploads\/2025\/08\/Oberhoeller.jpg\" alt=\"\" \/>\n\t\t<\/a>\n\t\t\t<\/div>\n\t<\/div><div class=\"wpls-logo-cnt\">\n\t<div class=\"wpls-fix-box\">\n\t\t\t\t<a href=\"https:\/\/www.limestone-drinks.com\/\" target=\"_blank\">\n\t\t\t<img decoding=\"async\" class=\"wp-post-image\"  src=\"https:\/\/zett.it\/wp-content\/uploads\/2025\/09\/Limestone_225x250px.jpg\" alt=\"\" \/>\n\t\t<\/a>\n\t\t\t<\/div>\n\t<\/div><div class=\"wpls-logo-cnt\">\n\t<div class=\"wpls-fix-box\">\n\t\t\t\t<a href=\"https:\/\/www.reviderm-skinmedics.bz.it\/?gad_source=1&#038;gad_campaignid=21929261029&#038;gbraid=0AAAAA-YFbCqYsTJ0ncAiUnZqeaRWIgULj&#038;gclid=EAIaIQobChMI-rLjx_3_jwMV95aDBx16Gza4EAAYASAAEgJRmfD_BwE\" target=\"_blank\">\n\t\t\t<img decoding=\"async\" class=\"wp-post-image\"  src=\"https:\/\/zett.it\/wp-content\/uploads\/2025\/09\/Skinmedics_225x250px.jpg\" alt=\"\" \/>\n\t\t<\/a>\n\t\t\t<\/div>\n\t<\/div>\t\t\t<\/div>\n\t\t<\/div>\n\n\t\t[\/vc_column_text][\/vc_column][\/vc_row][vc_row css=&#8220;.vc_custom_1561354262342{margin-top: 15px !important;}&#8220; el_class=&#8220;miss-grid&#8220;][vc_column offset=&#8220;vc_hidden-xs&#8220;][vc_basic_grid post_type=&#8220;miss-blog&#8220; max_items=&#8220;1&#8243; element_width=&#8220;12&#8243; gap=&#8220;0&#8243; item=&#8220;681&#8243; grid_id=&#8220;vc_gid:1771339462969-e56cdc8a-db4b-4&#8243; taxonomies=&#8220;7&#8243;][\/vc_column][vc_column offset=&#8220;vc_hidden-lg vc_hidden-md vc_hidden-sm&#8220;][vc_basic_grid post_type=&#8220;miss-blog&#8220; max_items=&#8220;1&#8243; gap=&#8220;0&#8243; item=&#8220;276&#8243; grid_id=&#8220;vc_gid:1771339462970-9bca19ae-4de7-2&#8243; taxonomies=&#8220;7&#8243;][\/vc_column][vc_column][vc_masonry_grid post_type=&#8220;miss-blog&#8220; max_items=&#8220;3&#8243; style=&#8220;load-more&#8220; items_per_page=&#8220;3&#8243; item=&#8220;276&#8243; initial_loading_animation=&#8220;fadeIn&#8220; btn_title=&#8220;Mehr &#8230;&#8220; btn_shape=&#8220;square&#8220; btn_color=&#8220;default&#8220; grid_id=&#8220;vc_gid:1771339462970-b46a9de3-a610-5&#8243; taxonomies=&#8220;7&#8243; offset=&#8220;1&#8243;][\/vc_column][\/vc_row][vc_row][vc_column][vc_column_text]<div class=\"cff-wrapper\"><div class=\"cff-wrapper-ctn \" ><div id=\"cff\" data-char=\"200\" class=\"cff cff-theme-default_theme  cff-mob-cols-1 cff-tab-cols-1  cff-half-layout cff-timeline-feed cff-pag cff-all-reviews cff-nojs  cff-lightbox cff-lb\" style=\"width:100%; \" data-fb-text=\"auf Facebook ansehen\" data-offset=\"\" data-media-side=\"left\" data-own-token=\"true\" data-grid-pag=\"cursor\" data-restricted=\"true\" data-lb-comments=\"true\" data-pag-num=\"6\" data-nummobile=\"3\" data-mobilenumber=\"3\"  data-cff-shortcode=\"{&quot;feed&quot;: &quot;1&quot;}\" data-postid=\"7271\" data-locatornonce=\"2ac9cad034\" data-cff-theme=\"default_theme\" ><svg width=\"24px\" height=\"24px\" version=\"1.1\" xmlns=\"http:\/\/www.w3.org\/2000\/svg\" xmlns:xlink=\"http:\/\/www.w3.org\/1999\/xlink\" class=\"cff-screenreader\" role=\"img\" aria-labelledby=\"metaSVGid metaSVGdesc\"><title id=\"metaSVGid\">Comments Box SVG icons<\/title><desc id=\"metaSVGdesc\">Used for the like, share, comment, and reaction icons<\/desc><defs><linearGradient id=\"angryGrad\" x1=\"0\" x2=\"0\" y1=\"0\" y2=\"1\"><stop offset=\"0%\" stop-color=\"#f9ae9e\" \/><stop offset=\"70%\" stop-color=\"#ffe7a4\" \/><\/linearGradient><linearGradient id=\"likeGrad\"><stop offset=\"25%\" stop-color=\"rgba(0,0,0,0.05)\" \/><stop offset=\"26%\" stop-color=\"rgba(255,255,255,0.7)\" \/><\/linearGradient><linearGradient id=\"likeGradHover\"><stop offset=\"25%\" stop-color=\"#a3caff\" \/><stop offset=\"26%\" stop-color=\"#fff\" \/><\/linearGradient><linearGradient id=\"likeGradDark\"><stop offset=\"25%\" stop-color=\"rgba(255,255,255,0.5)\" \/><stop offset=\"26%\" stop-color=\"rgba(255,255,255,0.7)\" \/><\/linearGradient><\/defs><\/svg><div class=\"cff-posts-wrap\"><\/div><span class=\"cff_resized_image_data\" data-feedid=\"cff_30773613595007077361359500749mede0000\" data-resized=\"[{&quot;media_id&quot;:&quot;307736135950074_1296282759191501&quot;,&quot;facebook_id&quot;:&quot;307736135950074_1296282759191501&quot;,&quot;aspect_ratio&quot;:&quot;1.00&quot;,&quot;sizes&quot;:&quot;[400,250]&quot;},{&quot;media_id&quot;:&quot;307736135950074_1259282352891542&quot;,&quot;facebook_id&quot;:&quot;307736135950074_1259282352891542&quot;,&quot;aspect_ratio&quot;:&quot;0.00&quot;,&quot;sizes&quot;:&quot;[400,250]&quot;},{&quot;media_id&quot;:&quot;307736135950074_1230577052428739&quot;,&quot;facebook_id&quot;:&quot;307736135950074_1230577052428739&quot;,&quot;aspect_ratio&quot;:&quot;0.00&quot;,&quot;sizes&quot;:&quot;[400,250]&quot;},{&quot;media_id&quot;:&quot;307736135950074_1226232256196552&quot;,&quot;facebook_id&quot;:&quot;307736135950074_1226232256196552&quot;,&quot;aspect_ratio&quot;:&quot;0.00&quot;,&quot;sizes&quot;:&quot;[400,250]&quot;},{&quot;media_id&quot;:&quot;307736135950074_1174515341252189&quot;,&quot;facebook_id&quot;:&quot;307736135950074_1174515341252189&quot;,&quot;aspect_ratio&quot;:&quot;1.00&quot;,&quot;sizes&quot;:&quot;[400,250]&quot;},{&quot;media_id&quot;:&quot;307736135950074_1224474543038990&quot;,&quot;facebook_id&quot;:&quot;307736135950074_1224474543038990&quot;,&quot;aspect_ratio&quot;:&quot;0.00&quot;,&quot;sizes&quot;:&quot;[400,250]&quot;}]\"><\/span><input type=\"hidden\" class=\"cff-pag-url\" data-cff-pag-url=\"{}\" data-cff-prev-url=\"{}\" data-transient-name=\"cff_30773613595007077361359500749mede0000\" data-post-id=\"7271\" data-feed-id=\"307736135950074\"  value=\"\">\n\t<p class=\"cff-no-more-posts\">Keine weiteren Eintr\u00e4ge<\/p>\n<\/div><\/div><div class=\"cff-clear\"><\/div><\/div>[\/vc_column_text][\/vc_column][\/vc_row]<\/p>\n<\/div>","protected":false},"excerpt":{"rendered":"<p>[vc_row full_width=&#8220;stretch_row&#8220; el_class=&#8220;box-burgundy&#8220;][vc_column width=&#8220;2\/3&#8243;][vc_column_text] Die Wahl der \u201eZett\u201c-Miss S\u00fcdtirol Das gro\u00dfe Finale der \u201eZett\u201c-Miss S\u00fcdtirol 2027 findet am 24. Oktober 2026 im Kurhaus von Meran statt. Alle Infos, News und Highlights rund um die Veranstaltung und der aktuellen \u201eZett\u201c-Miss S\u00fcdtirol 2026 Sophia Heiss finden Sie sonntags in der \u201eZett\u201c oder auf unseren Social-Media-Kan\u00e4len.[\/vc_column_text][vc_column_text el_class=&#8220;social-miss&#8220;] #zettmisss\u00fcdtirol[\/vc_column_text][vc_toggle [&hellip;]<\/p>\n","protected":false},"author":5,"featured_media":0,"parent":0,"menu_order":0,"comment_status":"closed","ping_status":"closed","template":"","meta":{"_acf_changed":false,"footnotes":""},"class_list":["post-16","page","type-page","status-publish","hentry"],"acf":[],"yoast_head":"<!-- This site is optimized with the Yoast SEO plugin v26.7 - https:\/\/yoast.com\/wordpress\/plugins\/seo\/ -->\n<title>Wahl der \u201eZett\u201c-Miss S\u00fcdtirol<\/title>\n<meta name=\"description\" content=\"Auf der \u201eZett\u201c-Miss-S\u00fcdtirol-Seite finden Sie immer alle topaktuellen News bez\u00fcglich der Wahl zur perfekten Botschafterin S\u00fcdtirols.\" \/>\n<meta name=\"robots\" content=\"index, follow, max-snippet:-1, max-image-preview:large, max-video-preview:-1\" \/>\n<link rel=\"canonical\" href=\"https:\/\/zett.it\/de\/miss-suedtirol\/\" \/>\n<meta property=\"og:locale\" content=\"de_DE\" \/>\n<meta property=\"og:type\" content=\"article\" \/>\n<meta property=\"og:title\" content=\"Wahl der \u201eZett\u201c-Miss S\u00fcdtirol\" \/>\n<meta property=\"og:description\" content=\"Auf der \u201eZett\u201c-Miss-S\u00fcdtirol-Seite finden Sie immer alle topaktuellen News bez\u00fcglich der Wahl zur perfekten Botschafterin S\u00fcdtirols.\" \/>\n<meta property=\"og:url\" content=\"https:\/\/zett.it\/de\/miss-suedtirol\/\" \/>\n<meta property=\"og:site_name\" content=\"Zett.it\" \/>\n<meta property=\"article:modified_time\" content=\"2026-02-17T14:44:45+00:00\" \/>\n<meta name=\"twitter:card\" content=\"summary_large_image\" \/>\n<meta name=\"twitter:label1\" content=\"Gesch\u00e4tzte Lesezeit\" \/>\n\t<meta name=\"twitter:data1\" content=\"2\u00a0Minuten\" \/>\n<script type=\"application\/ld+json\" class=\"yoast-schema-graph\">{\"@context\":\"https:\/\/schema.org\",\"@graph\":[{\"@type\":\"WebPage\",\"@id\":\"https:\/\/zett.it\/de\/miss-suedtirol\/\",\"url\":\"https:\/\/zett.it\/de\/miss-suedtirol\/\",\"name\":\"Wahl der \u201eZett\u201c-Miss S\u00fcdtirol\",\"isPartOf\":{\"@id\":\"https:\/\/zett.it\/de\/#website\"},\"primaryImageOfPage\":{\"@id\":\"https:\/\/zett.it\/de\/miss-suedtirol\/#primaryimage\"},\"image\":{\"@id\":\"https:\/\/zett.it\/de\/miss-suedtirol\/#primaryimage\"},\"thumbnailUrl\":\"https:\/\/www.zett.it\/wp-content\/uploads\/2019\/06\/logo-facebook.svg\",\"datePublished\":\"2017-03-23T07:49:40+00:00\",\"dateModified\":\"2026-02-17T14:44:45+00:00\",\"description\":\"Auf der \u201eZett\u201c-Miss-S\u00fcdtirol-Seite finden Sie immer alle topaktuellen News bez\u00fcglich der Wahl zur perfekten Botschafterin S\u00fcdtirols.\",\"breadcrumb\":{\"@id\":\"https:\/\/zett.it\/de\/miss-suedtirol\/#breadcrumb\"},\"inLanguage\":\"de\",\"potentialAction\":[{\"@type\":\"ReadAction\",\"target\":[\"https:\/\/zett.it\/de\/miss-suedtirol\/\"]}]},{\"@type\":\"ImageObject\",\"inLanguage\":\"de\",\"@id\":\"https:\/\/zett.it\/de\/miss-suedtirol\/#primaryimage\",\"url\":\"https:\/\/www.zett.it\/wp-content\/uploads\/2019\/06\/logo-facebook.svg\",\"contentUrl\":\"https:\/\/www.zett.it\/wp-content\/uploads\/2019\/06\/logo-facebook.svg\"},{\"@type\":\"BreadcrumbList\",\"@id\":\"https:\/\/zett.it\/de\/miss-suedtirol\/#breadcrumb\",\"itemListElement\":[{\"@type\":\"ListItem\",\"position\":1,\"name\":\"Startseite\",\"item\":\"https:\/\/zett.it\/de\/\"},{\"@type\":\"ListItem\",\"position\":2,\"name\":\"Miss S\u00fcdtirol\"}]},{\"@type\":\"WebSite\",\"@id\":\"https:\/\/zett.it\/de\/#website\",\"url\":\"https:\/\/zett.it\/de\/\",\"name\":\"Zett.it\",\"description\":\"\",\"potentialAction\":[{\"@type\":\"SearchAction\",\"target\":{\"@type\":\"EntryPoint\",\"urlTemplate\":\"https:\/\/zett.it\/de\/?s={search_term_string}\"},\"query-input\":{\"@type\":\"PropertyValueSpecification\",\"valueRequired\":true,\"valueName\":\"search_term_string\"}}],\"inLanguage\":\"de\"}]}<\/script>\n<!-- \/ Yoast SEO plugin. -->","yoast_head_json":{"title":"Wahl der \u201eZett\u201c-Miss S\u00fcdtirol","description":"Auf der \u201eZett\u201c-Miss-S\u00fcdtirol-Seite finden Sie immer alle topaktuellen News bez\u00fcglich der Wahl zur perfekten Botschafterin S\u00fcdtirols.","robots":{"index":"index","follow":"follow","max-snippet":"max-snippet:-1","max-image-preview":"max-image-preview:large","max-video-preview":"max-video-preview:-1"},"canonical":"https:\/\/zett.it\/de\/miss-suedtirol\/","og_locale":"de_DE","og_type":"article","og_title":"Wahl der \u201eZett\u201c-Miss S\u00fcdtirol","og_description":"Auf der \u201eZett\u201c-Miss-S\u00fcdtirol-Seite finden Sie immer alle topaktuellen News bez\u00fcglich der Wahl zur perfekten Botschafterin S\u00fcdtirols.","og_url":"https:\/\/zett.it\/de\/miss-suedtirol\/","og_site_name":"Zett.it","article_modified_time":"2026-02-17T14:44:45+00:00","twitter_card":"summary_large_image","twitter_misc":{"Gesch\u00e4tzte Lesezeit":"2\u00a0Minuten"},"schema":{"@context":"https:\/\/schema.org","@graph":[{"@type":"WebPage","@id":"https:\/\/zett.it\/de\/miss-suedtirol\/","url":"https:\/\/zett.it\/de\/miss-suedtirol\/","name":"Wahl der \u201eZett\u201c-Miss S\u00fcdtirol","isPartOf":{"@id":"https:\/\/zett.it\/de\/#website"},"primaryImageOfPage":{"@id":"https:\/\/zett.it\/de\/miss-suedtirol\/#primaryimage"},"image":{"@id":"https:\/\/zett.it\/de\/miss-suedtirol\/#primaryimage"},"thumbnailUrl":"https:\/\/www.zett.it\/wp-content\/uploads\/2019\/06\/logo-facebook.svg","datePublished":"2017-03-23T07:49:40+00:00","dateModified":"2026-02-17T14:44:45+00:00","description":"Auf der \u201eZett\u201c-Miss-S\u00fcdtirol-Seite finden Sie immer alle topaktuellen News bez\u00fcglich der Wahl zur perfekten Botschafterin S\u00fcdtirols.","breadcrumb":{"@id":"https:\/\/zett.it\/de\/miss-suedtirol\/#breadcrumb"},"inLanguage":"de","potentialAction":[{"@type":"ReadAction","target":["https:\/\/zett.it\/de\/miss-suedtirol\/"]}]},{"@type":"ImageObject","inLanguage":"de","@id":"https:\/\/zett.it\/de\/miss-suedtirol\/#primaryimage","url":"https:\/\/www.zett.it\/wp-content\/uploads\/2019\/06\/logo-facebook.svg","contentUrl":"https:\/\/www.zett.it\/wp-content\/uploads\/2019\/06\/logo-facebook.svg"},{"@type":"BreadcrumbList","@id":"https:\/\/zett.it\/de\/miss-suedtirol\/#breadcrumb","itemListElement":[{"@type":"ListItem","position":1,"name":"Startseite","item":"https:\/\/zett.it\/de\/"},{"@type":"ListItem","position":2,"name":"Miss S\u00fcdtirol"}]},{"@type":"WebSite","@id":"https:\/\/zett.it\/de\/#website","url":"https:\/\/zett.it\/de\/","name":"Zett.it","description":"","potentialAction":[{"@type":"SearchAction","target":{"@type":"EntryPoint","urlTemplate":"https:\/\/zett.it\/de\/?s={search_term_string}"},"query-input":{"@type":"PropertyValueSpecification","valueRequired":true,"valueName":"search_term_string"}}],"inLanguage":"de"}]}},"_links":{"self":[{"href":"https:\/\/zett.it\/de\/wp-json\/wp\/v2\/pages\/16","targetHints":{"allow":["GET"]}}],"collection":[{"href":"https:\/\/zett.it\/de\/wp-json\/wp\/v2\/pages"}],"about":[{"href":"https:\/\/zett.it\/de\/wp-json\/wp\/v2\/types\/page"}],"author":[{"embeddable":true,"href":"https:\/\/zett.it\/de\/wp-json\/wp\/v2\/users\/5"}],"replies":[{"embeddable":true,"href":"https:\/\/zett.it\/de\/wp-json\/wp\/v2\/comments?post=16"}],"version-history":[{"count":116,"href":"https:\/\/zett.it\/de\/wp-json\/wp\/v2\/pages\/16\/revisions"}],"predecessor-version":[{"id":7521,"href":"https:\/\/zett.it\/de\/wp-json\/wp\/v2\/pages\/16\/revisions\/7521"}],"wp:attachment":[{"href":"https:\/\/zett.it\/de\/wp-json\/wp\/v2\/media?parent=16"}],"curies":[{"name":"wp","href":"https:\/\/api.w.org\/{rel}","templated":true}]}}