{"id":15,"date":"2017-03-23T08:49:40","date_gmt":"2017-03-23T07:49:40","guid":{"rendered":"http:\/\/zett.it?page_id=15"},"modified":"2023-12-22T15:36:38","modified_gmt":"2023-12-22T14:36:38","slug":"gewinnspiele","status":"publish","type":"page","link":"https:\/\/zett.it\/de\/gewinnspiele\/","title":{"rendered":"Gewinnspiele"},"content":{"rendered":"<div class=\"wpb-content-wrapper\"><p>[vc_row full_width=&#8220;stretch_row&#8220; el_class=&#8220;box-gray&#8220;][vc_column][vc_column_text]<\/p>\n<h1>Gewinnspiele der &#8222;Zett&#8220;<\/h1>\n<h2>Versuchen Sie Ihr Gl\u00fcck<\/h2>\n<p>Versuchen Sie mit der Zeitung &#8222;Zett&#8220; Ihr Gl\u00fcck. <strong>Viele verschiedene Gewinnspiele<\/strong> zum Mitfiebern und\u00a0<strong>tolle Preise zum Abstauben<\/strong>! Jede <strong>Woche<\/strong> haben die Leserinnen und Leser die Chance,\u00a0<strong>mindestens einen Preis zu gewinnen<\/strong>: Vom Wellness-Wochenende in einem wundersch\u00f6nen Hotel, \u00fcber Einkaufsgutscheine, bis hin zu Sachpreisen.<\/p>\n<h2><\/h2>\n<p>[\/vc_column_text][\/vc_column][\/vc_row][vc_row full_width=&#8220;stretch_row&#8220; equal_height=&#8220;yes&#8220; css=&#8220;.vc_custom_1494409323009{padding-top: 30px !important;}&#8220;][vc_column width=&#8220;1\/2&#8243;][vc_column_text el_class=&#8220;box-card-4&#215;3 box-zett box-card-shadow&#8220;]<\/p>\n<h2>\u201eZett\u201c-Gl\u00fcckspilz<\/h2>\n<p><img decoding=\"async\" class=\"alignright size-medium wp-image-696\" style=\"width: 70px; margin: 5px 0 10px 20px;\" src=\"\/wp-content\/uploads\/2017\/03\/icons-zett-telefon.svg\" alt=\"\" \/><\/p>\n<div>Jede Woche k\u00f6nnen die Leser attraktive Preise gewinnen. Mitmachen ist ganz einfach: Ein paar Klicks in der \u201eDolomiten\u2022Zett\u201c-App gen\u00fcgen. L\u00f6sungswort einsenden und schon nimmt man an der Verlosung teil!<\/div>\n<div><\/div>\n<p>[\/vc_column_text][\/vc_column][vc_column width=&#8220;1\/2&#8243;][vc_column_text el_class=&#8220;box-card-4&#215;3 box-zett box-card-shadow&#8220;]<\/p>\n<h2>Mit der \u201eZett\u201c \u2026<\/h2>\n<p><img decoding=\"async\" class=\"alignright size-medium wp-image-703\" style=\"width: 110px; margin: 10px 0 15px 15px;\" src=\"https:\/\/zett.it\/wp-content\/uploads\/2017\/03\/icons-zett-kaefer.svg\" alt=\"\" \/>Zus\u00e4tzlich zu den \u201eregul\u00e4ren\u201c Gewinnspielen gibt es zwischendurch ganz besondere Preise f\u00fcr die Leser zu gewinnen. Vom einw\u00f6chigen Familienurlaub und Ausfl\u00fcgen zum Oktoberfest nach M\u00fcnchen bis hin zu Tickets f\u00fcr Bayern-Spiele in die Allianz-Arena.[\/vc_column_text][\/vc_column][\/vc_row]<\/p>\n<\/div>","protected":false},"excerpt":{"rendered":"<p>[vc_row full_width=&#8220;stretch_row&#8220; el_class=&#8220;box-gray&#8220;][vc_column][vc_column_text] Gewinnspiele der &#8222;Zett&#8220; Versuchen Sie Ihr Gl\u00fcck Versuchen Sie mit der Zeitung &#8222;Zett&#8220; Ihr Gl\u00fcck. Viele verschiedene Gewinnspiele zum Mitfiebern und\u00a0tolle Preise zum Abstauben! Jede Woche haben die Leserinnen und Leser die Chance,\u00a0mindestens einen Preis zu gewinnen: Vom Wellness-Wochenende in einem wundersch\u00f6nen Hotel, \u00fcber Einkaufsgutscheine, bis hin zu Sachpreisen. [\/vc_column_text][\/vc_column][\/vc_row][vc_row full_width=&#8220;stretch_row&#8220; equal_height=&#8220;yes&#8220; [&hellip;]<\/p>\n","protected":false},"author":5,"featured_media":0,"parent":0,"menu_order":0,"comment_status":"closed","ping_status":"closed","template":"","meta":{"_acf_changed":false,"footnotes":""},"class_list":["post-15","page","type-page","status-publish","hentry"],"acf":[],"yoast_head":"<!-- This site is optimized with the Yoast SEO plugin v26.7 - https:\/\/yoast.com\/wordpress\/plugins\/seo\/ -->\n<title>Gewinnspiele mit der Zeitung Zett<\/title>\n<meta name=\"description\" content=\"Alle Gewinnspiele der Sonntagszeitung Zett: Probieren Sie Ihr Gl\u00fcck und gewinnen Sie jeden Sonntag auch mehrere tolle Preise.\" \/>\n<meta name=\"robots\" content=\"index, follow, max-snippet:-1, max-image-preview:large, max-video-preview:-1\" \/>\n<link rel=\"canonical\" href=\"https:\/\/zett.it\/de\/gewinnspiele\/\" \/>\n<meta property=\"og:locale\" content=\"de_DE\" \/>\n<meta property=\"og:type\" content=\"article\" \/>\n<meta property=\"og:title\" content=\"Gewinnspiele mit der Zeitung Zett\" \/>\n<meta property=\"og:description\" content=\"Alle Gewinnspiele der Sonntagszeitung Zett: Probieren Sie Ihr Gl\u00fcck und gewinnen Sie jeden Sonntag auch mehrere tolle Preise.\" \/>\n<meta property=\"og:url\" content=\"https:\/\/zett.it\/de\/gewinnspiele\/\" \/>\n<meta property=\"og:site_name\" content=\"Zett.it\" \/>\n<meta property=\"article:modified_time\" content=\"2023-12-22T14:36:38+00:00\" \/>\n<meta property=\"og:image\" content=\"https:\/\/zett.it\/wp-content\/uploads\/2017\/03\/icons-zett-kaefer.svg\" \/>\n<meta name=\"twitter:card\" content=\"summary_large_image\" \/>\n<meta name=\"twitter:label1\" content=\"Gesch\u00e4tzte Lesezeit\" \/>\n\t<meta name=\"twitter:data1\" content=\"2\u00a0Minuten\" \/>\n<script type=\"application\/ld+json\" class=\"yoast-schema-graph\">{\"@context\":\"https:\/\/schema.org\",\"@graph\":[{\"@type\":\"WebPage\",\"@id\":\"https:\/\/zett.it\/de\/gewinnspiele\/\",\"url\":\"https:\/\/zett.it\/de\/gewinnspiele\/\",\"name\":\"Gewinnspiele mit der Zeitung Zett\",\"isPartOf\":{\"@id\":\"https:\/\/zett.it\/de\/#website\"},\"primaryImageOfPage\":{\"@id\":\"https:\/\/zett.it\/de\/gewinnspiele\/#primaryimage\"},\"image\":{\"@id\":\"https:\/\/zett.it\/de\/gewinnspiele\/#primaryimage\"},\"thumbnailUrl\":\"https:\/\/zett.it\/wp-content\/uploads\/2017\/03\/icons-zett-kaefer.svg\",\"datePublished\":\"2017-03-23T07:49:40+00:00\",\"dateModified\":\"2023-12-22T14:36:38+00:00\",\"description\":\"Alle Gewinnspiele der Sonntagszeitung Zett: Probieren Sie Ihr Gl\u00fcck und gewinnen Sie jeden Sonntag auch mehrere tolle Preise.\",\"breadcrumb\":{\"@id\":\"https:\/\/zett.it\/de\/gewinnspiele\/#breadcrumb\"},\"inLanguage\":\"de\",\"potentialAction\":[{\"@type\":\"ReadAction\",\"target\":[\"https:\/\/zett.it\/de\/gewinnspiele\/\"]}]},{\"@type\":\"ImageObject\",\"inLanguage\":\"de\",\"@id\":\"https:\/\/zett.it\/de\/gewinnspiele\/#primaryimage\",\"url\":\"https:\/\/zett.it\/wp-content\/uploads\/2017\/03\/icons-zett-kaefer.svg\",\"contentUrl\":\"https:\/\/zett.it\/wp-content\/uploads\/2017\/03\/icons-zett-kaefer.svg\"},{\"@type\":\"BreadcrumbList\",\"@id\":\"https:\/\/zett.it\/de\/gewinnspiele\/#breadcrumb\",\"itemListElement\":[{\"@type\":\"ListItem\",\"position\":1,\"name\":\"Startseite\",\"item\":\"https:\/\/zett.it\/de\/\"},{\"@type\":\"ListItem\",\"position\":2,\"name\":\"Gewinnspiele\"}]},{\"@type\":\"WebSite\",\"@id\":\"https:\/\/zett.it\/de\/#website\",\"url\":\"https:\/\/zett.it\/de\/\",\"name\":\"Zett.it\",\"description\":\"\",\"potentialAction\":[{\"@type\":\"SearchAction\",\"target\":{\"@type\":\"EntryPoint\",\"urlTemplate\":\"https:\/\/zett.it\/de\/?s={search_term_string}\"},\"query-input\":{\"@type\":\"PropertyValueSpecification\",\"valueRequired\":true,\"valueName\":\"search_term_string\"}}],\"inLanguage\":\"de\"}]}<\/script>\n<!-- \/ Yoast SEO plugin. -->","yoast_head_json":{"title":"Gewinnspiele mit der Zeitung Zett","description":"Alle Gewinnspiele der Sonntagszeitung Zett: Probieren Sie Ihr Gl\u00fcck und gewinnen Sie jeden Sonntag auch mehrere tolle Preise.","robots":{"index":"index","follow":"follow","max-snippet":"max-snippet:-1","max-image-preview":"max-image-preview:large","max-video-preview":"max-video-preview:-1"},"canonical":"https:\/\/zett.it\/de\/gewinnspiele\/","og_locale":"de_DE","og_type":"article","og_title":"Gewinnspiele mit der Zeitung Zett","og_description":"Alle Gewinnspiele der Sonntagszeitung Zett: Probieren Sie Ihr Gl\u00fcck und gewinnen Sie jeden Sonntag auch mehrere tolle Preise.","og_url":"https:\/\/zett.it\/de\/gewinnspiele\/","og_site_name":"Zett.it","article_modified_time":"2023-12-22T14:36:38+00:00","og_image":[{"url":"https:\/\/zett.it\/wp-content\/uploads\/2017\/03\/icons-zett-kaefer.svg","type":"","width":"","height":""}],"twitter_card":"summary_large_image","twitter_misc":{"Gesch\u00e4tzte Lesezeit":"2\u00a0Minuten"},"schema":{"@context":"https:\/\/schema.org","@graph":[{"@type":"WebPage","@id":"https:\/\/zett.it\/de\/gewinnspiele\/","url":"https:\/\/zett.it\/de\/gewinnspiele\/","name":"Gewinnspiele mit der Zeitung Zett","isPartOf":{"@id":"https:\/\/zett.it\/de\/#website"},"primaryImageOfPage":{"@id":"https:\/\/zett.it\/de\/gewinnspiele\/#primaryimage"},"image":{"@id":"https:\/\/zett.it\/de\/gewinnspiele\/#primaryimage"},"thumbnailUrl":"https:\/\/zett.it\/wp-content\/uploads\/2017\/03\/icons-zett-kaefer.svg","datePublished":"2017-03-23T07:49:40+00:00","dateModified":"2023-12-22T14:36:38+00:00","description":"Alle Gewinnspiele der Sonntagszeitung Zett: Probieren Sie Ihr Gl\u00fcck und gewinnen Sie jeden Sonntag auch mehrere tolle Preise.","breadcrumb":{"@id":"https:\/\/zett.it\/de\/gewinnspiele\/#breadcrumb"},"inLanguage":"de","potentialAction":[{"@type":"ReadAction","target":["https:\/\/zett.it\/de\/gewinnspiele\/"]}]},{"@type":"ImageObject","inLanguage":"de","@id":"https:\/\/zett.it\/de\/gewinnspiele\/#primaryimage","url":"https:\/\/zett.it\/wp-content\/uploads\/2017\/03\/icons-zett-kaefer.svg","contentUrl":"https:\/\/zett.it\/wp-content\/uploads\/2017\/03\/icons-zett-kaefer.svg"},{"@type":"BreadcrumbList","@id":"https:\/\/zett.it\/de\/gewinnspiele\/#breadcrumb","itemListElement":[{"@type":"ListItem","position":1,"name":"Startseite","item":"https:\/\/zett.it\/de\/"},{"@type":"ListItem","position":2,"name":"Gewinnspiele"}]},{"@type":"WebSite","@id":"https:\/\/zett.it\/de\/#website","url":"https:\/\/zett.it\/de\/","name":"Zett.it","description":"","potentialAction":[{"@type":"SearchAction","target":{"@type":"EntryPoint","urlTemplate":"https:\/\/zett.it\/de\/?s={search_term_string}"},"query-input":{"@type":"PropertyValueSpecification","valueRequired":true,"valueName":"search_term_string"}}],"inLanguage":"de"}]}},"_links":{"self":[{"href":"https:\/\/zett.it\/de\/wp-json\/wp\/v2\/pages\/15","targetHints":{"allow":["GET"]}}],"collection":[{"href":"https:\/\/zett.it\/de\/wp-json\/wp\/v2\/pages"}],"about":[{"href":"https:\/\/zett.it\/de\/wp-json\/wp\/v2\/types\/page"}],"author":[{"embeddable":true,"href":"https:\/\/zett.it\/de\/wp-json\/wp\/v2\/users\/5"}],"replies":[{"embeddable":true,"href":"https:\/\/zett.it\/de\/wp-json\/wp\/v2\/comments?post=15"}],"version-history":[{"count":4,"href":"https:\/\/zett.it\/de\/wp-json\/wp\/v2\/pages\/15\/revisions"}],"predecessor-version":[{"id":5163,"href":"https:\/\/zett.it\/de\/wp-json\/wp\/v2\/pages\/15\/revisions\/5163"}],"wp:attachment":[{"href":"https:\/\/zett.it\/de\/wp-json\/wp\/v2\/media?parent=15"}],"curies":[{"name":"wp","href":"https:\/\/api.w.org\/{rel}","templated":true}]}}